{"id":3373,"date":"2023-01-24T11:29:23","date_gmt":"2023-01-24T14:29:23","guid":{"rendered":"http:\/\/www.locacaodemaquinas.com.br\/site\/?post_type=product&#038;p=3373"},"modified":"2023-02-06T11:02:21","modified_gmt":"2023-02-06T14:02:21","slug":"parafusadeira-furadeira-de-impacto-brushless-dcd7781d2-1-2-com-2-baterias-20v-li-ion-carregador-bivolt-e-maleta-dewalt","status":"publish","type":"product","link":"http:\/\/www.locacaodemaquinas.com.br\/site\/loja\/principais-marcas\/marca-dewalt\/parafusadeira-furadeira-de-impacto-brushless-dcd7781d2-1-2-com-2-baterias-20v-li-ion-carregador-bivolt-e-maleta-dewalt\/","title":{"rendered":"Parafusadeira\/Furadeira de Impacto Brushless DCD7781D2 1\/2&#8243; com 2 Baterias 20V Li-Ion Carregador Bivolt e Maleta &#8211; Dewalt"},"content":{"rendered":"<div><strong>Conte\u00fado da Embalagem:<\/strong><\/div>\n<div><\/div>\n<div>\n<div>-1 Parafusadeira\/furadeira 1\/2&#8243;<\/div>\n<div>&#8211; 2 Baterias 20V MAX* 2,0Ah<\/div>\n<div>&#8211; 1 Carregador bivolt<\/div>\n<div>&#8211; 1 Maleta<\/div>\n<\/div>\n","protected":false},"excerpt":{"rendered":"<p>Com a tecnologia BRUSHLESS a Parafusadeira\/Furadeira de Impacto sem fio 20V conta com muito mais efici\u00eancia atrav\u00e9s de mais tempo de uso e menos manuten\u00e7\u00f5es.<\/p>\n<p>&nbsp;<\/p>\n<div><strong>Especifica\u00e7\u00f5es T\u00e9cnicas:<\/strong><\/div>\n<div><\/div>\n<div>&#8211; Motor Brushless<\/div>\n<div>&#8211; Bateria: 20V MAX Li-Ion<\/div>\n<div>&#8211; Torque M\u00e1ximo: 65Nm<\/div>\n<div>&#8211; Velocidade sem Carga 0-550 \/ 0-1750RPM<\/div>\n<div>&#8211; Mandril de Aperto R\u00e1pido 1\/2&#8243; (13mm)<\/div>\n<div>&#8211; Capacidade Madeira: 25mm<\/div>\n<div>&#8211; Capacidade A\u00e7o: 13mm<\/div>\n<div>&#8211; Capacidade Concreto: 6,5mm<\/div>\n<div>&#8211; Impactos por minuto: 0-8000 \/ 0-29750 IPM<\/div>\n","protected":false},"featured_media":3377,"comment_status":"open","ping_status":"closed","template":"","meta":[],"product_cat":[347,45,512,522],"product_tag":[913,37,47,39],"acf":[],"_links":{"self":[{"href":"http:\/\/www.locacaodemaquinas.com.br\/site\/wp-json\/wp\/v2\/product\/3373"}],"collection":[{"href":"http:\/\/www.locacaodemaquinas.com.br\/site\/wp-json\/wp\/v2\/product"}],"about":[{"href":"http:\/\/www.locacaodemaquinas.com.br\/site\/wp-json\/wp\/v2\/types\/product"}],"replies":[{"embeddable":true,"href":"http:\/\/www.locacaodemaquinas.com.br\/site\/wp-json\/wp\/v2\/comments?post=3373"}],"wp:featuredmedia":[{"embeddable":true,"href":"http:\/\/www.locacaodemaquinas.com.br\/site\/wp-json\/wp\/v2\/media\/3377"}],"wp:attachment":[{"href":"http:\/\/www.locacaodemaquinas.com.br\/site\/wp-json\/wp\/v2\/media?parent=3373"}],"wp:term":[{"taxonomy":"product_cat","embeddable":true,"href":"http:\/\/www.locacaodemaquinas.com.br\/site\/wp-json\/wp\/v2\/product_cat?post=3373"},{"taxonomy":"product_tag","embeddable":true,"href":"http:\/\/www.locacaodemaquinas.com.br\/site\/wp-json\/wp\/v2\/product_tag?post=3373"}],"curies":[{"name":"wp","href":"https:\/\/api.w.org\/{rel}","templated":true}]}}