{"id":3398,"date":"2023-01-25T10:27:02","date_gmt":"2023-01-25T13:27:02","guid":{"rendered":"http:\/\/www.locacaodemaquinas.com.br\/site\/?post_type=product&#038;p=3398"},"modified":"2023-01-25T10:35:29","modified_gmt":"2023-01-25T13:35:29","slug":"serrote-profissional-gesso-drywall-13-330mm-ramada","status":"publish","type":"product","link":"http:\/\/www.locacaodemaquinas.com.br\/site\/loja\/venda\/ferramentas-de-corte\/serrote-profissional-gesso-drywall-13-330mm-ramada\/","title":{"rendered":"Serrote Profissional Gesso\/Drywall 13&#8243; (330mm) &#8211; Ramada"},"content":{"rendered":"","protected":false},"excerpt":{"rendered":"<p>O serrote \u00e9 produzido com a\u00e7o temperado SAE 1070, com cabo de madeira ergon\u00f4mico e envernizado. Um serrote de qualidade \u00e9 fabricado com a\u00e7o especial, que deve ter a dureza e resist\u00eancia adequada para manter a durabilidade e resistir a deformidades. Dando assim, maior durabilidade<\/p>\n","protected":false},"featured_media":3399,"comment_status":"open","ping_status":"closed","template":"","meta":[],"product_cat":[45,513],"product_tag":[460,919,683],"acf":[],"_links":{"self":[{"href":"http:\/\/www.locacaodemaquinas.com.br\/site\/wp-json\/wp\/v2\/product\/3398"}],"collection":[{"href":"http:\/\/www.locacaodemaquinas.com.br\/site\/wp-json\/wp\/v2\/product"}],"about":[{"href":"http:\/\/www.locacaodemaquinas.com.br\/site\/wp-json\/wp\/v2\/types\/product"}],"replies":[{"embeddable":true,"href":"http:\/\/www.locacaodemaquinas.com.br\/site\/wp-json\/wp\/v2\/comments?post=3398"}],"wp:featuredmedia":[{"embeddable":true,"href":"http:\/\/www.locacaodemaquinas.com.br\/site\/wp-json\/wp\/v2\/media\/3399"}],"wp:attachment":[{"href":"http:\/\/www.locacaodemaquinas.com.br\/site\/wp-json\/wp\/v2\/media?parent=3398"}],"wp:term":[{"taxonomy":"product_cat","embeddable":true,"href":"http:\/\/www.locacaodemaquinas.com.br\/site\/wp-json\/wp\/v2\/product_cat?post=3398"},{"taxonomy":"product_tag","embeddable":true,"href":"http:\/\/www.locacaodemaquinas.com.br\/site\/wp-json\/wp\/v2\/product_tag?post=3398"}],"curies":[{"name":"wp","href":"https:\/\/api.w.org\/{rel}","templated":true}]}}