{"id":3402,"date":"2023-01-25T10:35:40","date_gmt":"2023-01-25T13:35:40","guid":{"rendered":"http:\/\/www.locacaodemaquinas.com.br\/site\/?post_type=product&#038;p=3402"},"modified":"2023-01-25T10:42:32","modified_gmt":"2023-01-25T13:42:32","slug":"serrote-para-madeira-18-450mm-2318755-sparta","status":"publish","type":"product","link":"http:\/\/www.locacaodemaquinas.com.br\/site\/loja\/venda\/ferramentas-de-corte\/serrote-para-madeira-18-450mm-2318755-sparta\/","title":{"rendered":"Serrote Para Madeira 18&#8243; 450mm 2318755 &#8211; Sparta"},"content":{"rendered":"<div id=\"descricao-produto\" class=\"descricao-produto \">\n<div class=\"content\">\n<p><strong>CARACTER\u00cdSTICAS<\/strong><\/p>\n<p>&#8211; Possui dentes temperados<br \/>\n&#8211; L\u00e2mina produzida em a\u00e7o<br \/>\n&#8211; Com r\u00e9gua de medi\u00e7\u00e3o precisa<br \/>\n&#8211; Cabo de madeira envernizado<br \/>\n&#8211; Usado manualmente<br \/>\n&#8211; F\u00e1cil manuseio<\/p>\n<\/div>\n<\/div>\n","protected":false},"excerpt":{"rendered":"<p>O serrote foi fabricado com performance de alta qualidade, proporcionando maior durabilidade. \u00c9 indicado para desenvolver os melhores cortes em madeiras<\/p>\n","protected":false},"featured_media":3403,"comment_status":"open","ping_status":"closed","template":"","meta":[],"product_cat":[45,513],"product_tag":[543,683,818],"acf":[],"_links":{"self":[{"href":"http:\/\/www.locacaodemaquinas.com.br\/site\/wp-json\/wp\/v2\/product\/3402"}],"collection":[{"href":"http:\/\/www.locacaodemaquinas.com.br\/site\/wp-json\/wp\/v2\/product"}],"about":[{"href":"http:\/\/www.locacaodemaquinas.com.br\/site\/wp-json\/wp\/v2\/types\/product"}],"replies":[{"embeddable":true,"href":"http:\/\/www.locacaodemaquinas.com.br\/site\/wp-json\/wp\/v2\/comments?post=3402"}],"wp:featuredmedia":[{"embeddable":true,"href":"http:\/\/www.locacaodemaquinas.com.br\/site\/wp-json\/wp\/v2\/media\/3403"}],"wp:attachment":[{"href":"http:\/\/www.locacaodemaquinas.com.br\/site\/wp-json\/wp\/v2\/media?parent=3402"}],"wp:term":[{"taxonomy":"product_cat","embeddable":true,"href":"http:\/\/www.locacaodemaquinas.com.br\/site\/wp-json\/wp\/v2\/product_cat?post=3402"},{"taxonomy":"product_tag","embeddable":true,"href":"http:\/\/www.locacaodemaquinas.com.br\/site\/wp-json\/wp\/v2\/product_tag?post=3402"}],"curies":[{"name":"wp","href":"https:\/\/api.w.org\/{rel}","templated":true}]}}