{"id":3406,"date":"2023-01-25T10:51:44","date_gmt":"2023-01-25T13:51:44","guid":{"rendered":"http:\/\/www.locacaodemaquinas.com.br\/site\/?post_type=product&#038;p=3406"},"modified":"2023-01-30T10:42:25","modified_gmt":"2023-01-30T13:42:25","slug":"alicate-de-pressao-10-250mm-mordente-reto-1843155-mtx","status":"publish","type":"product","link":"http:\/\/www.locacaodemaquinas.com.br\/site\/loja\/venda\/ferramentas-de-corte\/alicate-de-pressao-10-250mm-mordente-reto-1843155-mtx\/","title":{"rendered":"Alicate de Press\u00e3o 10&#8243; 250mm Mordente Reto 1843155 &#8211; MTX"},"content":{"rendered":"<p>&#8211; Tamanho: 10&#8243; (250mm)<br \/>\n&#8211; Parafuso para ajuste de abertura dos mordentes<br \/>\n&#8211; Alavanca de libera\u00e7\u00e3o de f\u00e1cil acionamento<\/p>\n","protected":false},"excerpt":{"rendered":"<p>Alicate bico meia-cana reto da linha N\u00edckel possui acabamento polido e cabo pl\u00e1stico anat\u00f4mico com dois componentes. Indicado para trabalhos de montagem e repara\u00e7\u00e3o. Conta com revestimento em n\u00edquel que aumenta a durabilidade da pe\u00e7a e impede a corros\u00e3o. As bordas das l\u00e2minas s\u00e3o temperadas, com correntes de alta frequ\u00eancia, com dureza de 53HRc.<\/p>\n","protected":false},"featured_media":3407,"comment_status":"open","ping_status":"closed","template":"","meta":[],"product_cat":[45,513,515],"product_tag":[583,547,920],"acf":[],"_links":{"self":[{"href":"http:\/\/www.locacaodemaquinas.com.br\/site\/wp-json\/wp\/v2\/product\/3406"}],"collection":[{"href":"http:\/\/www.locacaodemaquinas.com.br\/site\/wp-json\/wp\/v2\/product"}],"about":[{"href":"http:\/\/www.locacaodemaquinas.com.br\/site\/wp-json\/wp\/v2\/types\/product"}],"replies":[{"embeddable":true,"href":"http:\/\/www.locacaodemaquinas.com.br\/site\/wp-json\/wp\/v2\/comments?post=3406"}],"wp:featuredmedia":[{"embeddable":true,"href":"http:\/\/www.locacaodemaquinas.com.br\/site\/wp-json\/wp\/v2\/media\/3407"}],"wp:attachment":[{"href":"http:\/\/www.locacaodemaquinas.com.br\/site\/wp-json\/wp\/v2\/media?parent=3406"}],"wp:term":[{"taxonomy":"product_cat","embeddable":true,"href":"http:\/\/www.locacaodemaquinas.com.br\/site\/wp-json\/wp\/v2\/product_cat?post=3406"},{"taxonomy":"product_tag","embeddable":true,"href":"http:\/\/www.locacaodemaquinas.com.br\/site\/wp-json\/wp\/v2\/product_tag?post=3406"}],"curies":[{"name":"wp","href":"https:\/\/api.w.org\/{rel}","templated":true}]}}