{"id":3411,"date":"2023-01-26T10:44:59","date_gmt":"2023-01-26T13:44:59","guid":{"rendered":"http:\/\/www.locacaodemaquinas.com.br\/site\/?post_type=product&#038;p=3411"},"modified":"2023-01-26T10:47:13","modified_gmt":"2023-01-26T13:47:13","slug":"lixadeira-orbital-dwe6411-dewalt","status":"publish","type":"product","link":"http:\/\/www.locacaodemaquinas.com.br\/site\/loja\/ferramenta-eletrica-2\/lixadeira\/lixadeira-orbital\/lixadeira-orbital-dwe6411-dewalt\/","title":{"rendered":"Lixadeira Orbital DWE6411 &#8211; Dewalt"},"content":{"rendered":"<div><strong>&#8211; Caracter\u00edsticas:<\/strong><\/div>\n<div>&#8211; Base de 1\/4 de folha de lixa<br \/>\n&#8211; Sistema de contrapeso<\/div>\n<div>&#8211; Interruptor selado contra p\u00f3<\/div>\n","protected":false},"excerpt":{"rendered":"<p>Empunhadura emborrachada texturizada, garantindo m\u00e1ximo conforto de utiliza\u00e7\u00e3o.<\/p>\n<p>Equipado com dispositivo de contra-golpe para reduzir vibra\u00e7\u00f5es, utilizado em marcenarias, carpintarias, f\u00e1bricas de m\u00f3veis, funilarias e pintores (preparadores de massa corrida).<\/p>\n<p>Possui porta de acoplamento inovador para o saco de coleta de poeira e aspirador de p\u00f3.<\/p>\n","protected":false},"featured_media":1346,"comment_status":"open","ping_status":"closed","template":"","meta":[],"product_cat":[469,143,347,45,514],"product_tag":[37,439,455],"acf":[],"_links":{"self":[{"href":"http:\/\/www.locacaodemaquinas.com.br\/site\/wp-json\/wp\/v2\/product\/3411"}],"collection":[{"href":"http:\/\/www.locacaodemaquinas.com.br\/site\/wp-json\/wp\/v2\/product"}],"about":[{"href":"http:\/\/www.locacaodemaquinas.com.br\/site\/wp-json\/wp\/v2\/types\/product"}],"replies":[{"embeddable":true,"href":"http:\/\/www.locacaodemaquinas.com.br\/site\/wp-json\/wp\/v2\/comments?post=3411"}],"wp:featuredmedia":[{"embeddable":true,"href":"http:\/\/www.locacaodemaquinas.com.br\/site\/wp-json\/wp\/v2\/media\/1346"}],"wp:attachment":[{"href":"http:\/\/www.locacaodemaquinas.com.br\/site\/wp-json\/wp\/v2\/media?parent=3411"}],"wp:term":[{"taxonomy":"product_cat","embeddable":true,"href":"http:\/\/www.locacaodemaquinas.com.br\/site\/wp-json\/wp\/v2\/product_cat?post=3411"},{"taxonomy":"product_tag","embeddable":true,"href":"http:\/\/www.locacaodemaquinas.com.br\/site\/wp-json\/wp\/v2\/product_tag?post=3411"}],"curies":[{"name":"wp","href":"https:\/\/api.w.org\/{rel}","templated":true}]}}