{"id":3413,"date":"2023-01-26T10:55:40","date_gmt":"2023-01-26T13:55:40","guid":{"rendered":"http:\/\/www.locacaodemaquinas.com.br\/site\/?post_type=product&#038;p=3413"},"modified":"2023-01-26T11:24:49","modified_gmt":"2023-01-26T14:24:49","slug":"furadeira-hp1640kx1-makita","status":"publish","type":"product","link":"http:\/\/www.locacaodemaquinas.com.br\/site\/loja\/principais-marcas\/marca-makita\/furadeira-hp1640kx1-makita\/","title":{"rendered":"Furadeira de Impacto Vel. Vari\u00e1vel e Revers\u00edvel  HP1640KX1 1\/2&#8243; 760W &#8211; Makita"},"content":{"rendered":"<p><strong><label class=\"input-desc\">Aplica\u00e7\u00f5es:<\/label><\/strong><\/p>\n<p>Alum\u00ednio \/ Concreto \/ Diversos \/ Madeira \/ Metal \/ Pl\u00e1stico<\/p>\n<p><strong><label class=\"input-desc\">Especifica\u00e7\u00f5es:<\/label><\/strong><\/p>\n<p>Pot\u00eancia: 760 W<br \/>\nCapacidades<br \/>\nConcreto : 16mm<br \/>\nA\u00e7o : 13mm<br \/>\nMadeira : 30mm<br \/>\nImpactos por minuto: 0-44.800<br \/>\nRota\u00e7\u00f5es por minuto: 0-2.800<br \/>\nDimens\u00f5es(C x L x A): 303 x 72 x 222mm<br \/>\nMandril : 13mm<br \/>\nPeso : 2kg<br \/>\nEmiss\u00e3o de vibra\u00e7\u00f5es: 19 m\/s\u00b2<br \/>\nIncerteza K: 2m\/s<\/p>\n","protected":false},"excerpt":{"rendered":"<p>Furadeira de impacto com design robusto e potente. Esta ferramenta \u00e9 para executar perfura\u00e7\u00f5es com impacto em tijolo, concreto e pedra assim como para perfura\u00e7\u00f5es sem impacto em madeira, metal, cer\u00e2mica e pl\u00e1stico.<\/p>\n","protected":false},"featured_media":3424,"comment_status":"open","ping_status":"closed","template":"","meta":[],"product_cat":[344,45,514],"product_tag":[439,47,428],"acf":[],"_links":{"self":[{"href":"http:\/\/www.locacaodemaquinas.com.br\/site\/wp-json\/wp\/v2\/product\/3413"}],"collection":[{"href":"http:\/\/www.locacaodemaquinas.com.br\/site\/wp-json\/wp\/v2\/product"}],"about":[{"href":"http:\/\/www.locacaodemaquinas.com.br\/site\/wp-json\/wp\/v2\/types\/product"}],"replies":[{"embeddable":true,"href":"http:\/\/www.locacaodemaquinas.com.br\/site\/wp-json\/wp\/v2\/comments?post=3413"}],"wp:featuredmedia":[{"embeddable":true,"href":"http:\/\/www.locacaodemaquinas.com.br\/site\/wp-json\/wp\/v2\/media\/3424"}],"wp:attachment":[{"href":"http:\/\/www.locacaodemaquinas.com.br\/site\/wp-json\/wp\/v2\/media?parent=3413"}],"wp:term":[{"taxonomy":"product_cat","embeddable":true,"href":"http:\/\/www.locacaodemaquinas.com.br\/site\/wp-json\/wp\/v2\/product_cat?post=3413"},{"taxonomy":"product_tag","embeddable":true,"href":"http:\/\/www.locacaodemaquinas.com.br\/site\/wp-json\/wp\/v2\/product_tag?post=3413"}],"curies":[{"name":"wp","href":"https:\/\/api.w.org\/{rel}","templated":true}]}}