{"id":3418,"date":"2023-01-26T11:09:54","date_gmt":"2023-01-26T14:09:54","guid":{"rendered":"http:\/\/www.locacaodemaquinas.com.br\/site\/?post_type=product&#038;p=3418"},"modified":"2025-09-16T15:33:27","modified_gmt":"2025-09-16T18:33:27","slug":"serra-tico-tico-4327-450w-makita","status":"publish","type":"product","link":"http:\/\/www.locacaodemaquinas.com.br\/site\/loja\/principais-marcas\/marca-makita\/serra-tico-tico-4327-450w-makita\/","title":{"rendered":"Serra Tico Tico 4327 450W &#8211; Makita"},"content":{"rendered":"<p><strong><label class=\"input-desc\">Especifica\u00e7\u00f5es:<\/label><\/strong><\/p>\n<p>Pot\u00eancia : 450W<br \/>\nGolpes por min.: 500 &#8211; 3.100<br \/>\nCapacidades<br \/>\n&#8211; A\u00e7o : 6mm<br \/>\n&#8211; Madeira: 65mm<br \/>\nComprimento do golpe : 18mm<br \/>\nDimens\u00f5es (C x L x A): 217 x 77 x 197mm<br \/>\nPeso : 1.9Kg<br \/>\nEmiss\u00e3o de vibra\u00e7\u00f5es: 5.5 m\/s\u00b2<br \/>\nIncerteza K: 1.5m\/s\u00b2<\/p>\n<p><strong><label class=\"input-desc\">Itens Que Acompanham:<\/label><\/strong><\/p>\n<p>Chave allen e l\u00e2mina de serra.<\/p>\n","protected":false},"excerpt":{"rendered":"<p>\u2022 Potente e leve<br \/>\n\u2022 Punho emborrachado com design ergon\u00f4mico proporciona maior controle e conforto<br \/>\n\u2022 Pode utilizar l\u00e2minas de serra para cortes mais pesados<br \/>\n\u2022 O protetor contra contamina\u00e7\u00f5es evita o espalhamento de res\u00edduos<br \/>\n\u2022 Cortes em \u00e2ngulo em at\u00e9 45 graus para a direita ou esquerda<br \/>\n\u2022 Silenciosa e com baixa vibra\u00e7\u00e3o<br \/>\n\u2022 Cabo de energia: 2 metros<\/p>\n","protected":false},"featured_media":3430,"comment_status":"open","ping_status":"closed","template":"","meta":[],"product_cat":[344,45,514],"product_tag":[439,428,38,921],"acf":[],"_links":{"self":[{"href":"http:\/\/www.locacaodemaquinas.com.br\/site\/wp-json\/wp\/v2\/product\/3418"}],"collection":[{"href":"http:\/\/www.locacaodemaquinas.com.br\/site\/wp-json\/wp\/v2\/product"}],"about":[{"href":"http:\/\/www.locacaodemaquinas.com.br\/site\/wp-json\/wp\/v2\/types\/product"}],"replies":[{"embeddable":true,"href":"http:\/\/www.locacaodemaquinas.com.br\/site\/wp-json\/wp\/v2\/comments?post=3418"}],"wp:featuredmedia":[{"embeddable":true,"href":"http:\/\/www.locacaodemaquinas.com.br\/site\/wp-json\/wp\/v2\/media\/3430"}],"wp:attachment":[{"href":"http:\/\/www.locacaodemaquinas.com.br\/site\/wp-json\/wp\/v2\/media?parent=3418"}],"wp:term":[{"taxonomy":"product_cat","embeddable":true,"href":"http:\/\/www.locacaodemaquinas.com.br\/site\/wp-json\/wp\/v2\/product_cat?post=3418"},{"taxonomy":"product_tag","embeddable":true,"href":"http:\/\/www.locacaodemaquinas.com.br\/site\/wp-json\/wp\/v2\/product_tag?post=3418"}],"curies":[{"name":"wp","href":"https:\/\/api.w.org\/{rel}","templated":true}]}}