{"id":3419,"date":"2023-01-26T11:09:58","date_gmt":"2023-01-26T14:09:58","guid":{"rendered":"http:\/\/www.locacaodemaquinas.com.br\/site\/?post_type=product&#038;p=3419"},"modified":"2025-09-16T15:33:15","modified_gmt":"2025-09-16T18:33:15","slug":"serra-marmore-a-seco-4100nh3zx2-4-3-8-1-300w-makita","status":"publish","type":"product","link":"http:\/\/www.locacaodemaquinas.com.br\/site\/loja\/principais-marcas\/marca-makita\/serra-marmore-a-seco-4100nh3zx2-4-3-8-1-300w-makita\/","title":{"rendered":"Serra M\u00e1rmore \u00e0 Seco 4100NH3ZX2 4.3\/8&#8243; 1.300W &#8211; Makita"},"content":{"rendered":"<p><strong><label class=\"input-desc\">Especifica\u00e7\u00f5es:<\/label><\/strong><\/p>\n<p>Pot\u00eancia : 1.300W<br \/>\nCapacidade m\u00e1xima de corte : 32mm<br \/>\nDi\u00e2metro do Disco : 110mm<br \/>\nDi\u00e2metro do furo : 20mm<br \/>\nEspessura m\u00e1x. do disco : 2mm<br \/>\nRota\u00e7\u00f5es por minuto : 13.800<br \/>\nPeso : 2.9kg<br \/>\nEmiss\u00e3o de vibra\u00e7\u00f5es: 5 m\/s\u00b2<br \/>\nIncerteza K: 1.5m\/s\u00b2<\/p>\n","protected":false},"excerpt":{"rendered":"<p>\u2022 Serra m\u00e1rmore<br \/>\n\u2022 Seu design compacto aliado ao baixo peso diminui a fadiga e proporciona ao operador mais tempo de trabalho<br \/>\n\u2022 Bot\u00e3o de seguran\u00e7a<br \/>\n\u2022 Gatilho do interruptor com capa anti poeira<br \/>\n\u2022 Guia de profundidade para ajuste de profundidade de corte<br \/>\n\u2022 Sistema de ventila\u00e7\u00e3o otimizado na extremidade traseira da caixa do motor para prevenir entrada de poeira e sujeira<br \/>\n\u2022 Utilizada para cortar todo o tipo de pedra, alvenaria, azulejos, tijolos entre muitas outras coisas<\/p>\n","protected":false},"featured_media":3428,"comment_status":"open","ping_status":"closed","template":"","meta":[],"product_cat":[225,344,45,514],"product_tag":[439,428,427],"acf":[],"_links":{"self":[{"href":"http:\/\/www.locacaodemaquinas.com.br\/site\/wp-json\/wp\/v2\/product\/3419"}],"collection":[{"href":"http:\/\/www.locacaodemaquinas.com.br\/site\/wp-json\/wp\/v2\/product"}],"about":[{"href":"http:\/\/www.locacaodemaquinas.com.br\/site\/wp-json\/wp\/v2\/types\/product"}],"replies":[{"embeddable":true,"href":"http:\/\/www.locacaodemaquinas.com.br\/site\/wp-json\/wp\/v2\/comments?post=3419"}],"wp:featuredmedia":[{"embeddable":true,"href":"http:\/\/www.locacaodemaquinas.com.br\/site\/wp-json\/wp\/v2\/media\/3428"}],"wp:attachment":[{"href":"http:\/\/www.locacaodemaquinas.com.br\/site\/wp-json\/wp\/v2\/media?parent=3419"}],"wp:term":[{"taxonomy":"product_cat","embeddable":true,"href":"http:\/\/www.locacaodemaquinas.com.br\/site\/wp-json\/wp\/v2\/product_cat?post=3419"},{"taxonomy":"product_tag","embeddable":true,"href":"http:\/\/www.locacaodemaquinas.com.br\/site\/wp-json\/wp\/v2\/product_tag?post=3419"}],"curies":[{"name":"wp","href":"https:\/\/api.w.org\/{rel}","templated":true}]}}