{"id":3434,"date":"2023-01-26T15:53:18","date_gmt":"2023-01-26T18:53:18","guid":{"rendered":"http:\/\/www.locacaodemaquinas.com.br\/site\/?post_type=product&#038;p=3434"},"modified":"2023-01-26T16:16:02","modified_gmt":"2023-01-26T19:16:02","slug":"serra-circular-7-1-4-stsc-1718-b2-1700w-stanley","status":"publish","type":"product","link":"http:\/\/www.locacaodemaquinas.com.br\/site\/loja\/principais-marcas\/marca-stanley-ferramentas\/serra-circular-7-1-4-stsc-1718-b2-1700w-stanley\/","title":{"rendered":"Serra Circular 7.1\/4&#8243; STSC 1718-B2 1700W &#8211; Stanley"},"content":{"rendered":"<p><b><strong>Caracter\u00edsticas T\u00e9cnicas<\/strong><\/b><\/p>\n<p>Velocidade sem Carga: 5500\/min (rpm)<\/p>\n<p>&nbsp;<\/p>\n<p>Di\u00e2metro de Disco: 7-1\/4\u201d (185mm)<\/p>\n<p>&nbsp;<\/p>\n<p>\u00c2ngulo de Biselado: 45\u00b0<\/p>\n<p>&nbsp;<\/p>\n<p>Profundidade de Corte<\/p>\n<p>90\u00b0 2-3\/8\u201d (62mm)<\/p>\n<p>45\u00b0 1-13\/16\u201d (46mm)<\/p>\n<p>&nbsp;<\/p>\n<p>Dimens\u00f5es (C x L x A):\u00a0360 x 280 x 280 mm<\/p>\n<p>Peso:\u00a06,2 kg<\/p>\n","protected":false},"excerpt":{"rendered":"<p>A Serra circular 7.1\/4&#8243; 1.700 watts com disco de 18 dentes STSC1718 da Stanley\u00a0\u00e9 ideal para os marceneiros que buscam um equipamento de qualidade, com custo x benef\u00edcio.<\/p>\n<p>&nbsp;<\/p>\n<p>A Serra Circular STSC1718\u00a0possui ajuste manual f\u00e1cil e r\u00e1pido do \u00e2ngulo de Bisel de 0\u00ba a 45\u00ba, profundidade de corte de 62 mm a 90\u00ba, acompanha disco de 18 dentes de carbureto de tungst\u00eanio, pronta para usar!<\/p>\n","protected":false},"featured_media":3435,"comment_status":"open","ping_status":"closed","template":"","meta":[],"product_cat":[342,346,45,514],"product_tag":[457,453],"acf":[],"_links":{"self":[{"href":"http:\/\/www.locacaodemaquinas.com.br\/site\/wp-json\/wp\/v2\/product\/3434"}],"collection":[{"href":"http:\/\/www.locacaodemaquinas.com.br\/site\/wp-json\/wp\/v2\/product"}],"about":[{"href":"http:\/\/www.locacaodemaquinas.com.br\/site\/wp-json\/wp\/v2\/types\/product"}],"replies":[{"embeddable":true,"href":"http:\/\/www.locacaodemaquinas.com.br\/site\/wp-json\/wp\/v2\/comments?post=3434"}],"wp:featuredmedia":[{"embeddable":true,"href":"http:\/\/www.locacaodemaquinas.com.br\/site\/wp-json\/wp\/v2\/media\/3435"}],"wp:attachment":[{"href":"http:\/\/www.locacaodemaquinas.com.br\/site\/wp-json\/wp\/v2\/media?parent=3434"}],"wp:term":[{"taxonomy":"product_cat","embeddable":true,"href":"http:\/\/www.locacaodemaquinas.com.br\/site\/wp-json\/wp\/v2\/product_cat?post=3434"},{"taxonomy":"product_tag","embeddable":true,"href":"http:\/\/www.locacaodemaquinas.com.br\/site\/wp-json\/wp\/v2\/product_tag?post=3434"}],"curies":[{"name":"wp","href":"https:\/\/api.w.org\/{rel}","templated":true}]}}