{"id":3438,"date":"2023-01-27T10:48:33","date_gmt":"2023-01-27T13:48:33","guid":{"rendered":"http:\/\/www.locacaodemaquinas.com.br\/site\/?post_type=product&#038;p=3438"},"modified":"2023-01-27T10:52:50","modified_gmt":"2023-01-27T13:52:50","slug":"chave-combinada-9mm-cromo-fosco-mtx","status":"publish","type":"product","link":"http:\/\/www.locacaodemaquinas.com.br\/site\/loja\/venda\/ferramentas-manuais\/chave-combinada-9mm-cromo-fosco-mtx\/","title":{"rendered":"Chave Combinada 9mm Cromo Fosco &#8211; MTX"},"content":{"rendered":"","protected":false},"excerpt":{"rendered":"<p>Chave combinada 9 mm cromo fosco 151069 MTX<\/p>\n<p>Fabricado em a\u00e7o cromo van\u00e1dio<br \/>\nAcabamento acetinado<br \/>\nAlta resist\u00eancia a tor\u00e7\u00f5es n\u00e3o quebra e nem estilha\u00e7a com sobrecarga<\/p>\n","protected":false},"featured_media":3439,"comment_status":"open","ping_status":"closed","template":"","meta":[],"product_cat":[45,515],"product_tag":[922,547],"acf":[],"_links":{"self":[{"href":"http:\/\/www.locacaodemaquinas.com.br\/site\/wp-json\/wp\/v2\/product\/3438"}],"collection":[{"href":"http:\/\/www.locacaodemaquinas.com.br\/site\/wp-json\/wp\/v2\/product"}],"about":[{"href":"http:\/\/www.locacaodemaquinas.com.br\/site\/wp-json\/wp\/v2\/types\/product"}],"replies":[{"embeddable":true,"href":"http:\/\/www.locacaodemaquinas.com.br\/site\/wp-json\/wp\/v2\/comments?post=3438"}],"wp:featuredmedia":[{"embeddable":true,"href":"http:\/\/www.locacaodemaquinas.com.br\/site\/wp-json\/wp\/v2\/media\/3439"}],"wp:attachment":[{"href":"http:\/\/www.locacaodemaquinas.com.br\/site\/wp-json\/wp\/v2\/media?parent=3438"}],"wp:term":[{"taxonomy":"product_cat","embeddable":true,"href":"http:\/\/www.locacaodemaquinas.com.br\/site\/wp-json\/wp\/v2\/product_cat?post=3438"},{"taxonomy":"product_tag","embeddable":true,"href":"http:\/\/www.locacaodemaquinas.com.br\/site\/wp-json\/wp\/v2\/product_tag?post=3438"}],"curies":[{"name":"wp","href":"https:\/\/api.w.org\/{rel}","templated":true}]}}