{"id":3447,"date":"2023-01-27T12:02:27","date_gmt":"2023-01-27T15:02:27","guid":{"rendered":"http:\/\/www.locacaodemaquinas.com.br\/site\/?post_type=product&#038;p=3447"},"modified":"2023-01-27T15:37:34","modified_gmt":"2023-01-27T18:37:34","slug":"chave-combinada-17mm-stels","status":"publish","type":"product","link":"http:\/\/www.locacaodemaquinas.com.br\/site\/loja\/venda\/ferramentas-manuais\/chave-combinada-17mm-stels\/","title":{"rendered":"Chave Combinada 17mm &#8211; Stels"},"content":{"rendered":"<div><strong>Especifica\u00e7\u00f5es T\u00e9cnicas:<\/strong><\/div>\n<div><\/div>\n<div>Material: A\u00e7o Cromo-Van\u00e1dio<\/div>\n<div>Acabamento: Cromo acetinado anticorrosivo<\/div>\n<div>Medida: 17mm<\/div>\n","protected":false},"excerpt":{"rendered":"<p>Produto de alta qualidade para uso profissional e Industrial. Possui um \u00e2ngulo de inclina\u00e7\u00e3o de 5\u00ba na boca estriada para facilitar o uso em apertos e desapertos de parafusos e porcas.?<\/p>\n","protected":false},"featured_media":3448,"comment_status":"open","ping_status":"closed","template":"","meta":[],"product_cat":[45,515],"product_tag":[922,926],"acf":[],"_links":{"self":[{"href":"http:\/\/www.locacaodemaquinas.com.br\/site\/wp-json\/wp\/v2\/product\/3447"}],"collection":[{"href":"http:\/\/www.locacaodemaquinas.com.br\/site\/wp-json\/wp\/v2\/product"}],"about":[{"href":"http:\/\/www.locacaodemaquinas.com.br\/site\/wp-json\/wp\/v2\/types\/product"}],"replies":[{"embeddable":true,"href":"http:\/\/www.locacaodemaquinas.com.br\/site\/wp-json\/wp\/v2\/comments?post=3447"}],"wp:featuredmedia":[{"embeddable":true,"href":"http:\/\/www.locacaodemaquinas.com.br\/site\/wp-json\/wp\/v2\/media\/3448"}],"wp:attachment":[{"href":"http:\/\/www.locacaodemaquinas.com.br\/site\/wp-json\/wp\/v2\/media?parent=3447"}],"wp:term":[{"taxonomy":"product_cat","embeddable":true,"href":"http:\/\/www.locacaodemaquinas.com.br\/site\/wp-json\/wp\/v2\/product_cat?post=3447"},{"taxonomy":"product_tag","embeddable":true,"href":"http:\/\/www.locacaodemaquinas.com.br\/site\/wp-json\/wp\/v2\/product_tag?post=3447"}],"curies":[{"name":"wp","href":"https:\/\/api.w.org\/{rel}","templated":true}]}}