{"id":3449,"date":"2023-01-27T15:37:19","date_gmt":"2023-01-27T18:37:19","guid":{"rendered":"http:\/\/www.locacaodemaquinas.com.br\/site\/?post_type=product&#038;p=3449"},"modified":"2023-01-27T15:53:28","modified_gmt":"2023-01-27T18:53:28","slug":"caixa-de-ferramentas-com-5-gavetas-marcon","status":"publish","type":"product","link":"http:\/\/www.locacaodemaquinas.com.br\/site\/loja\/venda\/ferramentas-manuais\/caixa-de-ferramentas-com-5-gavetas-marcon\/","title":{"rendered":"Caixa de Ferramentas com 5 Gavetas &#8211; Marcon"},"content":{"rendered":"<div><strong>Especifica\u00e7\u00f5es T\u00e9cnicas:<\/strong><\/div>\n<div><\/div>\n<div>Cor: Azul<\/div>\n<div>Dimens\u00f5es (C x L x A): 500 x 200 x 325mm<br \/>\nAltura sem al\u00e7a: 205mm<br \/>\nCapacidade: 25Kg<\/div>\n","protected":false},"excerpt":{"rendered":"<div>Caixa de ferramentas com 5 gavetas com alta qualidade e \u00f3tima performance.<\/div>\n<div><\/div>\n<div><strong>Caracter\u00edtiscas:<\/strong><\/div>\n<div><\/div>\n<div>Al\u00e7as na parte superior<br \/>\nPossibilita uso de cadeado<\/div>\n","protected":false},"featured_media":3450,"comment_status":"open","ping_status":"closed","template":"","meta":[],"product_cat":[45,515],"product_tag":[833,927],"acf":[],"_links":{"self":[{"href":"http:\/\/www.locacaodemaquinas.com.br\/site\/wp-json\/wp\/v2\/product\/3449"}],"collection":[{"href":"http:\/\/www.locacaodemaquinas.com.br\/site\/wp-json\/wp\/v2\/product"}],"about":[{"href":"http:\/\/www.locacaodemaquinas.com.br\/site\/wp-json\/wp\/v2\/types\/product"}],"replies":[{"embeddable":true,"href":"http:\/\/www.locacaodemaquinas.com.br\/site\/wp-json\/wp\/v2\/comments?post=3449"}],"wp:featuredmedia":[{"embeddable":true,"href":"http:\/\/www.locacaodemaquinas.com.br\/site\/wp-json\/wp\/v2\/media\/3450"}],"wp:attachment":[{"href":"http:\/\/www.locacaodemaquinas.com.br\/site\/wp-json\/wp\/v2\/media?parent=3449"}],"wp:term":[{"taxonomy":"product_cat","embeddable":true,"href":"http:\/\/www.locacaodemaquinas.com.br\/site\/wp-json\/wp\/v2\/product_cat?post=3449"},{"taxonomy":"product_tag","embeddable":true,"href":"http:\/\/www.locacaodemaquinas.com.br\/site\/wp-json\/wp\/v2\/product_tag?post=3449"}],"curies":[{"name":"wp","href":"https:\/\/api.w.org\/{rel}","templated":true}]}}