{"id":3461,"date":"2023-01-31T10:32:48","date_gmt":"2023-01-31T13:32:48","guid":{"rendered":"http:\/\/www.locacaodemaquinas.com.br\/site\/?post_type=product&#038;p=3461"},"modified":"2023-01-31T10:48:16","modified_gmt":"2023-01-31T13:48:16","slug":"detergente-automotivo-concentrado-auto-1l-stihl","status":"publish","type":"product","link":"http:\/\/www.locacaodemaquinas.com.br\/site\/loja\/principais-marcas\/marca-stihl\/detergente-automotivo-concentrado-auto-1l-stihl\/","title":{"rendered":"Detergente Automotivo Concentrado Auto 1L &#8211; STIHL"},"content":{"rendered":"","protected":false},"excerpt":{"rendered":"<p>O detergente automotivo STIHL AUTO \u00e9 altamente concentrado e biodegrad\u00e1vel. Ideal para limpeza de todas as superf\u00edcies de ve\u00edculos automotores, mantendo a apar\u00eancia original.<\/p>\n<p>Indica\u00e7\u00e3o:<\/p>\n<p>\u00b7 carros<br \/>\n\u00b7 motos<br \/>\n\u00b7 caminh\u00f5es<br \/>\n\u00b7 \u00f4nibus<br \/>\n\u00b7 barcos<br \/>\n\u00b7 lanchas<br \/>\n\u00b7 demais ve\u00edculos automotores<\/p>\n","protected":false},"featured_media":3463,"comment_status":"open","ping_status":"closed","template":"","meta":[],"product_cat":[343,45,519],"product_tag":[932,364],"acf":[],"_links":{"self":[{"href":"http:\/\/www.locacaodemaquinas.com.br\/site\/wp-json\/wp\/v2\/product\/3461"}],"collection":[{"href":"http:\/\/www.locacaodemaquinas.com.br\/site\/wp-json\/wp\/v2\/product"}],"about":[{"href":"http:\/\/www.locacaodemaquinas.com.br\/site\/wp-json\/wp\/v2\/types\/product"}],"replies":[{"embeddable":true,"href":"http:\/\/www.locacaodemaquinas.com.br\/site\/wp-json\/wp\/v2\/comments?post=3461"}],"wp:featuredmedia":[{"embeddable":true,"href":"http:\/\/www.locacaodemaquinas.com.br\/site\/wp-json\/wp\/v2\/media\/3463"}],"wp:attachment":[{"href":"http:\/\/www.locacaodemaquinas.com.br\/site\/wp-json\/wp\/v2\/media?parent=3461"}],"wp:term":[{"taxonomy":"product_cat","embeddable":true,"href":"http:\/\/www.locacaodemaquinas.com.br\/site\/wp-json\/wp\/v2\/product_cat?post=3461"},{"taxonomy":"product_tag","embeddable":true,"href":"http:\/\/www.locacaodemaquinas.com.br\/site\/wp-json\/wp\/v2\/product_tag?post=3461"}],"curies":[{"name":"wp","href":"https:\/\/api.w.org\/{rel}","templated":true}]}}