{"id":3465,"date":"2023-01-31T11:08:10","date_gmt":"2023-01-31T14:08:10","guid":{"rendered":"http:\/\/www.locacaodemaquinas.com.br\/site\/?post_type=product&#038;p=3465"},"modified":"2023-01-31T11:12:46","modified_gmt":"2023-01-31T14:12:46","slug":"lavadora-de-alta-pressao-re-80-stihl","status":"publish","type":"product","link":"http:\/\/www.locacaodemaquinas.com.br\/site\/loja\/principais-marcas\/marca-stihl\/lavadora-de-alta-pressao-re-80-stihl\/","title":{"rendered":"Lavadora de Alta Press\u00e3o RE 80 &#8211; STIHL"},"content":{"rendered":"","protected":false},"excerpt":{"rendered":"<p>A nova lavadora de alta press\u00e3o STIHL RE 80 \u00e9 uma grande aliada para realizar uma limpeza dom\u00e9stica de forma mais f\u00e1cil, pr\u00e1tica e completa, gra\u00e7as ao seu baixo peso e facilidade de transporte. O robusto cabe\u00e7ote da bomba \u00e9 capaz de fornecer press\u00e3o m\u00e1xima de at\u00e9 120 bar. Al\u00e9m disso, ela \u00e9 acompanhada de tr\u00eas bicos &#8211; leque, turbo e aplicador de detergente &#8211; para tornar o trabalho mais eficaz.<\/p>\n","protected":false},"featured_media":3470,"comment_status":"open","ping_status":"closed","template":"","meta":[],"product_cat":[343,45,519],"product_tag":[363,364],"acf":[],"_links":{"self":[{"href":"http:\/\/www.locacaodemaquinas.com.br\/site\/wp-json\/wp\/v2\/product\/3465"}],"collection":[{"href":"http:\/\/www.locacaodemaquinas.com.br\/site\/wp-json\/wp\/v2\/product"}],"about":[{"href":"http:\/\/www.locacaodemaquinas.com.br\/site\/wp-json\/wp\/v2\/types\/product"}],"replies":[{"embeddable":true,"href":"http:\/\/www.locacaodemaquinas.com.br\/site\/wp-json\/wp\/v2\/comments?post=3465"}],"wp:featuredmedia":[{"embeddable":true,"href":"http:\/\/www.locacaodemaquinas.com.br\/site\/wp-json\/wp\/v2\/media\/3470"}],"wp:attachment":[{"href":"http:\/\/www.locacaodemaquinas.com.br\/site\/wp-json\/wp\/v2\/media?parent=3465"}],"wp:term":[{"taxonomy":"product_cat","embeddable":true,"href":"http:\/\/www.locacaodemaquinas.com.br\/site\/wp-json\/wp\/v2\/product_cat?post=3465"},{"taxonomy":"product_tag","embeddable":true,"href":"http:\/\/www.locacaodemaquinas.com.br\/site\/wp-json\/wp\/v2\/product_tag?post=3465"}],"curies":[{"name":"wp","href":"https:\/\/api.w.org\/{rel}","templated":true}]}}