{"id":3485,"date":"2023-02-01T10:25:53","date_gmt":"2023-02-01T13:25:53","guid":{"rendered":"http:\/\/www.locacaodemaquinas.com.br\/site\/?post_type=product&#038;p=3485"},"modified":"2023-02-01T10:37:48","modified_gmt":"2023-02-01T13:37:48","slug":"tekspray-graxa-branca-lubrificante-tekbond","status":"publish","type":"product","link":"http:\/\/www.locacaodemaquinas.com.br\/site\/loja\/venda\/lubrificacao\/tekspray-graxa-branca-lubrificante-tekbond\/","title":{"rendered":"Tekspray Graxa Branca Lubrificante &#8211; Tekbond"},"content":{"rendered":"<h4>CARACTER\u00cdSTICAS:<\/h4>\n<p>\u00c9 formulado a base de Sab\u00e3o de L\u00edtio com b\u00e1sicos paraf\u00ednicos. Possui excelente resist\u00eancia \u00e0 \u00e1gua, boa prote\u00e7\u00e3o contra a corros\u00e3o, elevada resist\u00eancia \u00e0 oxida\u00e7\u00e3o, grande estabilidade mec\u00e2nica e suporta altas temperaturas. Obt\u00e9m ponto de gota a 185\u00b0C.<\/p>\n<p>&nbsp;<\/p>\n<h4>INSTRU\u00c7\u00d5ES DE USO:<\/h4>\n<p>1. Agite bem antes de usar.<\/p>\n<p>2. Pulverize nas \u00e1reas desejadas a uma dist\u00e2ncia de aproximadamente 20 cm. Caso haja necessidade utilize o bico prolongador para locais de dif\u00edcil acesso.<\/p>\n<p>3. Desligue equipamentos energizados para fazer a aplica\u00e7\u00e3o e espere a evapora\u00e7\u00e3o do g\u00e1s para ligar o aparelho novamente.<\/p>\n<p>&nbsp;<\/p>\n<h4>DADOS T\u00c9CNICOS:<\/h4>\n<p>Apar\u00eancia (visual): Pasta homog\u00eanea branca com odor caracter\u00edstico, insol\u00favel em \u00e1gua.<\/p>\n<p>Densidade a 25\u00b0C: \u00a00,86 a 0,96 g\/cm\u00b3<\/p>\n<p>Press\u00e3o interna a 50\u00b0C: \u00a050 a 70 Psi<\/p>\n<p>Taxa de libera\u00e7\u00e3o: \u00a080 a 120 g\/min<\/p>\n","protected":false},"excerpt":{"rendered":"<p>Ideal para sistemas de correntes, rolamentos, mancais e engrenagens. Pode ser aplicado em pe\u00e7as em movimento, evitando a parada para manuten\u00e7\u00e3o. Pode ser utilizado em tratores, autom\u00f3veis, bicicletas, entre outros.<\/p>\n","protected":false},"featured_media":3486,"comment_status":"open","ping_status":"closed","template":"","meta":[],"product_cat":[45,520],"product_tag":[586,576,575],"acf":[],"_links":{"self":[{"href":"http:\/\/www.locacaodemaquinas.com.br\/site\/wp-json\/wp\/v2\/product\/3485"}],"collection":[{"href":"http:\/\/www.locacaodemaquinas.com.br\/site\/wp-json\/wp\/v2\/product"}],"about":[{"href":"http:\/\/www.locacaodemaquinas.com.br\/site\/wp-json\/wp\/v2\/types\/product"}],"replies":[{"embeddable":true,"href":"http:\/\/www.locacaodemaquinas.com.br\/site\/wp-json\/wp\/v2\/comments?post=3485"}],"wp:featuredmedia":[{"embeddable":true,"href":"http:\/\/www.locacaodemaquinas.com.br\/site\/wp-json\/wp\/v2\/media\/3486"}],"wp:attachment":[{"href":"http:\/\/www.locacaodemaquinas.com.br\/site\/wp-json\/wp\/v2\/media?parent=3485"}],"wp:term":[{"taxonomy":"product_cat","embeddable":true,"href":"http:\/\/www.locacaodemaquinas.com.br\/site\/wp-json\/wp\/v2\/product_cat?post=3485"},{"taxonomy":"product_tag","embeddable":true,"href":"http:\/\/www.locacaodemaquinas.com.br\/site\/wp-json\/wp\/v2\/product_tag?post=3485"}],"curies":[{"name":"wp","href":"https:\/\/api.w.org\/{rel}","templated":true}]}}