{"id":3488,"date":"2023-02-01T10:41:23","date_gmt":"2023-02-01T13:41:23","guid":{"rendered":"http:\/\/www.locacaodemaquinas.com.br\/site\/?post_type=product&#038;p=3488"},"modified":"2023-02-01T11:02:44","modified_gmt":"2023-02-01T14:02:44","slug":"graxa-tutela-alfa-2k-a-base-de-sabao-de-litio-500g-petronas","status":"publish","type":"product","link":"http:\/\/www.locacaodemaquinas.com.br\/site\/loja\/venda\/lubrificacao\/graxa-tutela-alfa-2k-a-base-de-sabao-de-litio-500g-petronas\/","title":{"rendered":"Graxa Tutela Alfa 2K a Base de Sab\u00e3o de L\u00edtio 500g &#8211; Petronas"},"content":{"rendered":"","protected":false},"excerpt":{"rendered":"<p>Graxa a base de sab\u00e3o de l\u00edtio &#8211; Grau NLGI 2<\/p>\n<p>Graxa M\u00faltiplas Aplica\u00e7\u00f5es NLGI 2 Petronas Tutela Alfa 2K \u00e9 uma graxa a base de sab\u00e3o de l\u00edtio, \u00e9 uma graxa de m\u00faltipla aplica\u00e7\u00e3o, contendo aditivos EP, anti-oxidantes e hidrorepelentes e \u00f3leos minerais selecionados, conferindo-lhe excelentes caracter\u00edsticas no trabalho, foi desenvolvida principalmente para uso geral, e para aplica\u00e7\u00f5es onde sejam necess\u00e1rias fortes ader\u00eancias, alta resist\u00eancia \u00e0 temperatura e a lavagem por \u00e1gua e caracter\u00edsticas EP, possui excelente desempenho nos rolamentos de laminadores com alta resist\u00eancia \u00e0 lavagem por \u00e1gua, onde a presen\u00e7a de \u00f3leos emulsion\u00e1veis \u00e9 bastante prejudicial quanto o aspecto da graxa emulsionada, possui excelente bombeabilidade, podendo ser utilizadas em sistemas centralizados.<\/p>\n","protected":false},"featured_media":3491,"comment_status":"open","ping_status":"closed","template":"","meta":[],"product_cat":[45,520],"product_tag":[586,576],"acf":[],"_links":{"self":[{"href":"http:\/\/www.locacaodemaquinas.com.br\/site\/wp-json\/wp\/v2\/product\/3488"}],"collection":[{"href":"http:\/\/www.locacaodemaquinas.com.br\/site\/wp-json\/wp\/v2\/product"}],"about":[{"href":"http:\/\/www.locacaodemaquinas.com.br\/site\/wp-json\/wp\/v2\/types\/product"}],"replies":[{"embeddable":true,"href":"http:\/\/www.locacaodemaquinas.com.br\/site\/wp-json\/wp\/v2\/comments?post=3488"}],"wp:featuredmedia":[{"embeddable":true,"href":"http:\/\/www.locacaodemaquinas.com.br\/site\/wp-json\/wp\/v2\/media\/3491"}],"wp:attachment":[{"href":"http:\/\/www.locacaodemaquinas.com.br\/site\/wp-json\/wp\/v2\/media?parent=3488"}],"wp:term":[{"taxonomy":"product_cat","embeddable":true,"href":"http:\/\/www.locacaodemaquinas.com.br\/site\/wp-json\/wp\/v2\/product_cat?post=3488"},{"taxonomy":"product_tag","embeddable":true,"href":"http:\/\/www.locacaodemaquinas.com.br\/site\/wp-json\/wp\/v2\/product_tag?post=3488"}],"curies":[{"name":"wp","href":"https:\/\/api.w.org\/{rel}","templated":true}]}}