{"id":3492,"date":"2023-02-01T11:03:20","date_gmt":"2023-02-01T14:03:20","guid":{"rendered":"http:\/\/www.locacaodemaquinas.com.br\/site\/?post_type=product&#038;p=3492"},"modified":"2023-02-01T11:08:48","modified_gmt":"2023-02-01T14:08:48","slug":"graxa-spray-branca-300ml-orbi-quimica","status":"publish","type":"product","link":"http:\/\/www.locacaodemaquinas.com.br\/site\/loja\/venda\/lubrificacao\/graxa-spray-branca-300ml-orbi-quimica\/","title":{"rendered":"Graxa Spray Branca 300ml &#8211; Orbi Qu\u00edmica"},"content":{"rendered":"<p>A GRAXA BRANCA ORBI pode ser usada na linha automotiva na lubrifica\u00e7\u00e3o de travas de portas e cap\u00f4s, interior dos p\u00e1ra-lamas, mecanismo para levantar os vidros, dobradi\u00e7as, fechaduras. Especial para motocicletas, caminh\u00f5es, tratores e m\u00e1quinas em geral. Excelente resist\u00eancia a \u00e1gua sendo perfeita para uso na linha n\u00e1utica como barcos, jetsky, equipamentos de piscinas e pesca. Protege contra a oxida\u00e7\u00e3o e os efeitos da umidade. Promove a lubrifica\u00e7\u00e3o de pe\u00e7as met\u00e1licas m\u00f3veis ou n\u00e3o. Produto de prote\u00e7\u00e3o com a\u00e7\u00e3o tempor\u00e1ria.<\/p>\n","protected":false},"excerpt":{"rendered":"<p>Sua praticidade de aplica\u00e7\u00e3o e sua forte ader\u00eancia permitem m\u00faltiplas maneira de utiliza\u00e7\u00e3o como no carro, em casa, nas oficinas em geral, marinas e portos, equipamentos esportivos, etc. Facilita a lubrifica\u00e7\u00e3o em pontos de dif\u00edcil acesso promovendo o contato da graxa apenas com as partes desejadas, sem sujeiras, sem desperd\u00edcio e sem contato com a pele.<\/p>\n","protected":false},"featured_media":3494,"comment_status":"open","ping_status":"closed","template":"","meta":[],"product_cat":[45,520],"product_tag":[586,576,885,575],"acf":[],"_links":{"self":[{"href":"http:\/\/www.locacaodemaquinas.com.br\/site\/wp-json\/wp\/v2\/product\/3492"}],"collection":[{"href":"http:\/\/www.locacaodemaquinas.com.br\/site\/wp-json\/wp\/v2\/product"}],"about":[{"href":"http:\/\/www.locacaodemaquinas.com.br\/site\/wp-json\/wp\/v2\/types\/product"}],"replies":[{"embeddable":true,"href":"http:\/\/www.locacaodemaquinas.com.br\/site\/wp-json\/wp\/v2\/comments?post=3492"}],"wp:featuredmedia":[{"embeddable":true,"href":"http:\/\/www.locacaodemaquinas.com.br\/site\/wp-json\/wp\/v2\/media\/3494"}],"wp:attachment":[{"href":"http:\/\/www.locacaodemaquinas.com.br\/site\/wp-json\/wp\/v2\/media?parent=3492"}],"wp:term":[{"taxonomy":"product_cat","embeddable":true,"href":"http:\/\/www.locacaodemaquinas.com.br\/site\/wp-json\/wp\/v2\/product_cat?post=3492"},{"taxonomy":"product_tag","embeddable":true,"href":"http:\/\/www.locacaodemaquinas.com.br\/site\/wp-json\/wp\/v2\/product_tag?post=3492"}],"curies":[{"name":"wp","href":"https:\/\/api.w.org\/{rel}","templated":true}]}}