{"id":3501,"date":"2023-02-01T15:27:30","date_gmt":"2023-02-01T18:27:30","guid":{"rendered":"http:\/\/www.locacaodemaquinas.com.br\/site\/?post_type=product&#038;p=3501"},"modified":"2023-02-02T09:03:19","modified_gmt":"2023-02-02T12:03:19","slug":"varios","status":"publish","type":"product","link":"http:\/\/www.locacaodemaquinas.com.br\/site\/loja\/venda\/lubrificacao\/varios\/","title":{"rendered":"\u00d3leo Sprinta 20W50 SL 1L &#8211; Petronas"},"content":{"rendered":"<p><strong>CARACTER\u00cdSTICAS<\/strong><br \/>\n\u2022\u00a0\u00a0Antidesgaste.<br \/>\n\u2022\u00a0\u00a0Melhor estabilidade.<br \/>\n\u2022\u00a0\u00a0Maior vida \u00fatil.<\/p>\n<p><strong>ESPECIFICA\u00c7\u00d5ES<\/strong><br \/>\n\u2022\u00a0\u00a0SAE 20W-50<br \/>\n\u2022\u00a0\u00a0API SL<br \/>\n\u2022\u00a0\u00a0JASO MA2<\/p>\n","protected":false},"excerpt":{"rendered":"<p>PETRONAS Sprinta F300 \u00e9 um lubrificante mineral para motores 4 tempos desenvolvido especialmente para uso em condi\u00e7\u00f5es severas. Sua formula\u00e7\u00e3o conta com um avan\u00e7ado sistema de aditiva\u00e7\u00e3o para promover o desempenho ideal do motor e tamb\u00e9m uma limpeza dos componentes essenciais, proporcionando uma maior vida \u00fatil do motor.<\/p>\n","protected":false},"featured_media":3503,"comment_status":"open","ping_status":"closed","template":"","meta":[],"product_cat":[45,520],"product_tag":[580,936],"acf":[],"_links":{"self":[{"href":"http:\/\/www.locacaodemaquinas.com.br\/site\/wp-json\/wp\/v2\/product\/3501"}],"collection":[{"href":"http:\/\/www.locacaodemaquinas.com.br\/site\/wp-json\/wp\/v2\/product"}],"about":[{"href":"http:\/\/www.locacaodemaquinas.com.br\/site\/wp-json\/wp\/v2\/types\/product"}],"replies":[{"embeddable":true,"href":"http:\/\/www.locacaodemaquinas.com.br\/site\/wp-json\/wp\/v2\/comments?post=3501"}],"wp:featuredmedia":[{"embeddable":true,"href":"http:\/\/www.locacaodemaquinas.com.br\/site\/wp-json\/wp\/v2\/media\/3503"}],"wp:attachment":[{"href":"http:\/\/www.locacaodemaquinas.com.br\/site\/wp-json\/wp\/v2\/media?parent=3501"}],"wp:term":[{"taxonomy":"product_cat","embeddable":true,"href":"http:\/\/www.locacaodemaquinas.com.br\/site\/wp-json\/wp\/v2\/product_cat?post=3501"},{"taxonomy":"product_tag","embeddable":true,"href":"http:\/\/www.locacaodemaquinas.com.br\/site\/wp-json\/wp\/v2\/product_tag?post=3501"}],"curies":[{"name":"wp","href":"https:\/\/api.w.org\/{rel}","templated":true}]}}