{"id":3504,"date":"2023-02-02T09:03:25","date_gmt":"2023-02-02T12:03:25","guid":{"rendered":"http:\/\/www.locacaodemaquinas.com.br\/site\/?post_type=product&#038;p=3504"},"modified":"2023-02-02T09:11:21","modified_gmt":"2023-02-02T12:11:21","slug":"oleo-urania-3000-se-15w40-ci-4-turbo-ld-bd-20l-petronas","status":"publish","type":"product","link":"http:\/\/www.locacaodemaquinas.com.br\/site\/loja\/venda\/lubrificacao\/oleo-urania-3000-se-15w40-ci-4-turbo-ld-bd-20l-petronas\/","title":{"rendered":"\u00d3leo Urania 3000 SE 15W40 CI 4 Turbo LD BD 20L &#8211; Petronas"},"content":{"rendered":"","protected":false},"excerpt":{"rendered":"<p>Lubrificante de base mineral para motores a diesel, de servi\u00e7o pesado ou severo, naturalmente aspirados ou turbinados, com ou sem inje\u00e7\u00e3o eletr\u00f4nica. Seu pacote de aditiva\u00e7\u00e3o proporciona alto poder de deterg\u00eancia\/dispers\u00e2ncia, prote\u00e7\u00e3o efetiva contra desgaste, maior estabilidade a altas temperaturas, elevada performance em baixas temperaturas e excelente capacidade de neutraliza\u00e7\u00e3o dos compostos \u00e1cidos formados durante a combust\u00e3o.<\/p>\n","protected":false},"featured_media":3505,"comment_status":"open","ping_status":"closed","template":"","meta":[],"product_cat":[45,520],"product_tag":[580,936],"acf":[],"_links":{"self":[{"href":"http:\/\/www.locacaodemaquinas.com.br\/site\/wp-json\/wp\/v2\/product\/3504"}],"collection":[{"href":"http:\/\/www.locacaodemaquinas.com.br\/site\/wp-json\/wp\/v2\/product"}],"about":[{"href":"http:\/\/www.locacaodemaquinas.com.br\/site\/wp-json\/wp\/v2\/types\/product"}],"replies":[{"embeddable":true,"href":"http:\/\/www.locacaodemaquinas.com.br\/site\/wp-json\/wp\/v2\/comments?post=3504"}],"wp:featuredmedia":[{"embeddable":true,"href":"http:\/\/www.locacaodemaquinas.com.br\/site\/wp-json\/wp\/v2\/media\/3505"}],"wp:attachment":[{"href":"http:\/\/www.locacaodemaquinas.com.br\/site\/wp-json\/wp\/v2\/media?parent=3504"}],"wp:term":[{"taxonomy":"product_cat","embeddable":true,"href":"http:\/\/www.locacaodemaquinas.com.br\/site\/wp-json\/wp\/v2\/product_cat?post=3504"},{"taxonomy":"product_tag","embeddable":true,"href":"http:\/\/www.locacaodemaquinas.com.br\/site\/wp-json\/wp\/v2\/product_tag?post=3504"}],"curies":[{"name":"wp","href":"https:\/\/api.w.org\/{rel}","templated":true}]}}