{"id":3511,"date":"2023-02-02T13:07:23","date_gmt":"2023-02-02T16:07:23","guid":{"rendered":"http:\/\/www.locacaodemaquinas.com.br\/site\/?post_type=product&#038;p=3511"},"modified":"2023-02-02T13:07:24","modified_gmt":"2023-02-02T16:07:24","slug":"mangueira-siliconada-lisa-3-x-5mm-ndflex","status":"publish","type":"product","link":"http:\/\/www.locacaodemaquinas.com.br\/site\/loja\/venda\/mangueiras-e-acessorios\/mangueira-siliconada-lisa-3-x-5mm-ndflex\/","title":{"rendered":"Mangueira Siliconada Lisa 3 x 5mm &#8211; NDflex"},"content":{"rendered":"<p><strong>APLICA\u00c7\u00c3O:<\/strong>\u00a0Indicada para condu\u00e7\u00e3o de gasolina, etanol, diesel para sistema de baixa press\u00e3o em ve\u00edculos automotivo.<\/p>\n","protected":false},"excerpt":{"rendered":"<p>As mangueiras cristais siliconadas NDFLEX s\u00e3o produzidas com compostos especiais, possuem grande resist\u00eancia a intemp\u00e9ries, n\u00e5o propagam chamas e permite uma excelente flexibilidade e liberdade de movimentos.<\/p>\n","protected":false},"featured_media":3513,"comment_status":"open","ping_status":"closed","template":"","meta":[],"product_cat":[521],"product_tag":[666,938],"acf":[],"_links":{"self":[{"href":"http:\/\/www.locacaodemaquinas.com.br\/site\/wp-json\/wp\/v2\/product\/3511"}],"collection":[{"href":"http:\/\/www.locacaodemaquinas.com.br\/site\/wp-json\/wp\/v2\/product"}],"about":[{"href":"http:\/\/www.locacaodemaquinas.com.br\/site\/wp-json\/wp\/v2\/types\/product"}],"replies":[{"embeddable":true,"href":"http:\/\/www.locacaodemaquinas.com.br\/site\/wp-json\/wp\/v2\/comments?post=3511"}],"wp:featuredmedia":[{"embeddable":true,"href":"http:\/\/www.locacaodemaquinas.com.br\/site\/wp-json\/wp\/v2\/media\/3513"}],"wp:attachment":[{"href":"http:\/\/www.locacaodemaquinas.com.br\/site\/wp-json\/wp\/v2\/media?parent=3511"}],"wp:term":[{"taxonomy":"product_cat","embeddable":true,"href":"http:\/\/www.locacaodemaquinas.com.br\/site\/wp-json\/wp\/v2\/product_cat?post=3511"},{"taxonomy":"product_tag","embeddable":true,"href":"http:\/\/www.locacaodemaquinas.com.br\/site\/wp-json\/wp\/v2\/product_tag?post=3511"}],"curies":[{"name":"wp","href":"https:\/\/api.w.org\/{rel}","templated":true}]}}