{"id":3514,"date":"2023-02-02T13:08:01","date_gmt":"2023-02-02T16:08:01","guid":{"rendered":"http:\/\/www.locacaodemaquinas.com.br\/site\/?post_type=product&#038;p=3514"},"modified":"2023-02-02T13:10:44","modified_gmt":"2023-02-02T16:10:44","slug":"mangueira-de-jardim-flexivel-1-2-x-3mm-antitorcao-laranja-por-metro-ledmang","status":"publish","type":"product","link":"http:\/\/www.locacaodemaquinas.com.br\/site\/loja\/venda\/mangueiras-e-acessorios\/mangueira-de-jardim-flexivel-1-2-x-3mm-antitorcao-laranja-por-metro-ledmang\/","title":{"rendered":"Mangueira de Jardim Flex\u00edvel 1\/2 x 3mm Antitor\u00e7\u00e3o Laranja por metro &#8211; Ledmang"},"content":{"rendered":"<p>CARACTER\u00cdSTICAS:<br \/>\n&#8211; Mangueira para Jardim Super Flex\u00edvel lisa.<br \/>\n&#8211; Cor Mangueira: Laranja<br \/>\n&#8211; Medida Mangueira :12 mm interno x 18 mm externo ( 3,00 de parede )<br \/>\n&#8211; Bitola da Mangueira \u00bd<br \/>\n&#8211; Espessura parede da Mangueira 3 mm<br \/>\n&#8211; Validade Mangueira: Indeterminada.<br \/>\n&#8211; Mangueira produzida no Brasil com PVC Superflex\u00edvel<\/p>\n","protected":false},"excerpt":{"rendered":"<p>Mangueira resistente.<br \/>\nMangueira Antitor\u00e7\u00e3o. Anti-Tor\u00e7ao.<br \/>\nMangueira Flex\u00edvel.<br \/>\nMangueira N\u00c3O dobra<\/p>\n","protected":false},"featured_media":3515,"comment_status":"open","ping_status":"closed","template":"","meta":[],"product_cat":[521],"product_tag":[939,940,666],"acf":[],"_links":{"self":[{"href":"http:\/\/www.locacaodemaquinas.com.br\/site\/wp-json\/wp\/v2\/product\/3514"}],"collection":[{"href":"http:\/\/www.locacaodemaquinas.com.br\/site\/wp-json\/wp\/v2\/product"}],"about":[{"href":"http:\/\/www.locacaodemaquinas.com.br\/site\/wp-json\/wp\/v2\/types\/product"}],"replies":[{"embeddable":true,"href":"http:\/\/www.locacaodemaquinas.com.br\/site\/wp-json\/wp\/v2\/comments?post=3514"}],"wp:featuredmedia":[{"embeddable":true,"href":"http:\/\/www.locacaodemaquinas.com.br\/site\/wp-json\/wp\/v2\/media\/3515"}],"wp:attachment":[{"href":"http:\/\/www.locacaodemaquinas.com.br\/site\/wp-json\/wp\/v2\/media?parent=3514"}],"wp:term":[{"taxonomy":"product_cat","embeddable":true,"href":"http:\/\/www.locacaodemaquinas.com.br\/site\/wp-json\/wp\/v2\/product_cat?post=3514"},{"taxonomy":"product_tag","embeddable":true,"href":"http:\/\/www.locacaodemaquinas.com.br\/site\/wp-json\/wp\/v2\/product_tag?post=3514"}],"curies":[{"name":"wp","href":"https:\/\/api.w.org\/{rel}","templated":true}]}}