{"id":3516,"date":"2023-02-06T09:52:34","date_gmt":"2023-02-06T12:52:34","guid":{"rendered":"http:\/\/www.locacaodemaquinas.com.br\/site\/?post_type=product&#038;p=3516"},"modified":"2023-02-06T10:02:40","modified_gmt":"2023-02-06T13:02:40","slug":"adaptador-para-engate-rapido-rosca-externa-3-4-657508-palisad","status":"publish","type":"product","link":"http:\/\/www.locacaodemaquinas.com.br\/site\/loja\/venda\/mangueiras-e-acessorios\/adaptador-para-engate-rapido-rosca-externa-3-4-657508-palisad\/","title":{"rendered":"Adaptador para Engate R\u00e1pido Rosca Externa 3\/4&#8243; 657508 &#8211; Palisad"},"content":{"rendered":"","protected":false},"excerpt":{"rendered":"<div>O adaptador \u00e9 feito de pl\u00e1stico abs resistente a impactos.<\/div>\n<div><\/div>\n<div><strong>Especifica\u00e7\u00f5es T\u00e9cnicas:\u00a0<\/strong><\/div>\n<div><\/div>\n<div>Di\u00e2metro do furo com rosca externa: 3\/4&#8243;<\/div>\n<div><\/div>\n<div><strong>Conte\u00fado da Embalagem:\u00a0<\/strong><\/div>\n<div><\/div>\n<div>1 Conector Macho de Pl\u00e1stico 3\/4 Pol. com Rosca Externa<\/div>\n","protected":false},"featured_media":3519,"comment_status":"open","ping_status":"closed","template":"","meta":[],"product_cat":[45,521],"product_tag":[941,942,691],"acf":[],"_links":{"self":[{"href":"http:\/\/www.locacaodemaquinas.com.br\/site\/wp-json\/wp\/v2\/product\/3516"}],"collection":[{"href":"http:\/\/www.locacaodemaquinas.com.br\/site\/wp-json\/wp\/v2\/product"}],"about":[{"href":"http:\/\/www.locacaodemaquinas.com.br\/site\/wp-json\/wp\/v2\/types\/product"}],"replies":[{"embeddable":true,"href":"http:\/\/www.locacaodemaquinas.com.br\/site\/wp-json\/wp\/v2\/comments?post=3516"}],"wp:featuredmedia":[{"embeddable":true,"href":"http:\/\/www.locacaodemaquinas.com.br\/site\/wp-json\/wp\/v2\/media\/3519"}],"wp:attachment":[{"href":"http:\/\/www.locacaodemaquinas.com.br\/site\/wp-json\/wp\/v2\/media?parent=3516"}],"wp:term":[{"taxonomy":"product_cat","embeddable":true,"href":"http:\/\/www.locacaodemaquinas.com.br\/site\/wp-json\/wp\/v2\/product_cat?post=3516"},{"taxonomy":"product_tag","embeddable":true,"href":"http:\/\/www.locacaodemaquinas.com.br\/site\/wp-json\/wp\/v2\/product_tag?post=3516"}],"curies":[{"name":"wp","href":"https:\/\/api.w.org\/{rel}","templated":true}]}}