{"id":3520,"date":"2023-02-06T10:04:42","date_gmt":"2023-02-06T13:04:42","guid":{"rendered":"http:\/\/www.locacaodemaquinas.com.br\/site\/?post_type=product&#038;p=3520"},"modified":"2023-02-06T10:09:18","modified_gmt":"2023-02-06T13:09:18","slug":"derivacao-tipo-y-3-4-com-2-saidas-ajustaveis-para-engate-rapido-664268-palisad","status":"publish","type":"product","link":"http:\/\/www.locacaodemaquinas.com.br\/site\/loja\/venda\/mangueiras-e-acessorios\/derivacao-tipo-y-3-4-com-2-saidas-ajustaveis-para-engate-rapido-664268-palisad\/","title":{"rendered":"Deriva\u00e7\u00e3o tipo Y 3\/4&#8243; com 2 Sa\u00eddas Ajust\u00e1veis para Engate R\u00e1pido 664268 &#8211; Palisad"},"content":{"rendered":"","protected":false},"excerpt":{"rendered":"<p>Deriva\u00e7\u00e3o tipo Y para engate r\u00e1pido.<br \/>\nFeito de pl\u00e1stico-ABS resistente a golpes.<br \/>\nA liga\u00e7\u00e3o com a rosca interna tem di\u00e2metro 3\/4 para torneira (tubo de \u00e1gua, adaptador, conex\u00e3o).<br \/>\nA deriva\u00e7\u00e3o \u00e9 usada para ligar duas linhas de \u00e1gua no mesmo tempo.<br \/>\nA press\u00e3o da \u00e1gua pode ser regulada com as torneiras.<br \/>\n\u00c9 compat\u00edvel com todos os adaptadores e engates r\u00e1pidos do sistema de irriga\u00e7\u00e3o PALISAD.<\/p>\n","protected":false},"featured_media":3521,"comment_status":"open","ping_status":"closed","template":"","meta":[],"product_cat":[45,521],"product_tag":[941,944,691],"acf":[],"_links":{"self":[{"href":"http:\/\/www.locacaodemaquinas.com.br\/site\/wp-json\/wp\/v2\/product\/3520"}],"collection":[{"href":"http:\/\/www.locacaodemaquinas.com.br\/site\/wp-json\/wp\/v2\/product"}],"about":[{"href":"http:\/\/www.locacaodemaquinas.com.br\/site\/wp-json\/wp\/v2\/types\/product"}],"replies":[{"embeddable":true,"href":"http:\/\/www.locacaodemaquinas.com.br\/site\/wp-json\/wp\/v2\/comments?post=3520"}],"wp:featuredmedia":[{"embeddable":true,"href":"http:\/\/www.locacaodemaquinas.com.br\/site\/wp-json\/wp\/v2\/media\/3521"}],"wp:attachment":[{"href":"http:\/\/www.locacaodemaquinas.com.br\/site\/wp-json\/wp\/v2\/media?parent=3520"}],"wp:term":[{"taxonomy":"product_cat","embeddable":true,"href":"http:\/\/www.locacaodemaquinas.com.br\/site\/wp-json\/wp\/v2\/product_cat?post=3520"},{"taxonomy":"product_tag","embeddable":true,"href":"http:\/\/www.locacaodemaquinas.com.br\/site\/wp-json\/wp\/v2\/product_tag?post=3520"}],"curies":[{"name":"wp","href":"https:\/\/api.w.org\/{rel}","templated":true}]}}