{"id":3522,"date":"2023-02-06T10:09:40","date_gmt":"2023-02-06T13:09:40","guid":{"rendered":"http:\/\/www.locacaodemaquinas.com.br\/site\/?post_type=product&#038;p=3522"},"modified":"2023-02-06T10:14:08","modified_gmt":"2023-02-06T13:14:08","slug":"conector-macho-1-2-e-3-4-com-rosca-externa-661808-palisad","status":"publish","type":"product","link":"http:\/\/www.locacaodemaquinas.com.br\/site\/loja\/venda\/mangueiras-e-acessorios\/conector-macho-1-2-e-3-4-com-rosca-externa-661808-palisad\/","title":{"rendered":"Conector Macho 1\/2 e 3\/4 com Rosca Externa 661808 &#8211; Palisad"},"content":{"rendered":"<div><strong>Especifica\u00e7\u00e3o T\u00e9cnica:<\/strong><\/div>\n<div><\/div>\n<div>Comprimento da embalagem: 110mm<\/div>\n<div>Largura da embalagem: 70mm<\/div>\n<div>Altura da embalagem: 25mm<\/div>\n<div>Peso:0,013kg<\/div>\n","protected":false},"excerpt":{"rendered":"<div>Conector macho de pl\u00e1stico, de 1\/2&#8243; e 3\/4&#8243; com rosca externa.<\/div>\n<div><\/div>\n<div>Projetado para conectar mangueiras com di\u00e2metro de 1\/2 e 3\/4, corpo pl\u00e1stico e rosca externa.<\/div>\n","protected":false},"featured_media":3523,"comment_status":"open","ping_status":"closed","template":"","meta":[],"product_cat":[45,521],"product_tag":[941,665,691],"acf":[],"_links":{"self":[{"href":"http:\/\/www.locacaodemaquinas.com.br\/site\/wp-json\/wp\/v2\/product\/3522"}],"collection":[{"href":"http:\/\/www.locacaodemaquinas.com.br\/site\/wp-json\/wp\/v2\/product"}],"about":[{"href":"http:\/\/www.locacaodemaquinas.com.br\/site\/wp-json\/wp\/v2\/types\/product"}],"replies":[{"embeddable":true,"href":"http:\/\/www.locacaodemaquinas.com.br\/site\/wp-json\/wp\/v2\/comments?post=3522"}],"wp:featuredmedia":[{"embeddable":true,"href":"http:\/\/www.locacaodemaquinas.com.br\/site\/wp-json\/wp\/v2\/media\/3523"}],"wp:attachment":[{"href":"http:\/\/www.locacaodemaquinas.com.br\/site\/wp-json\/wp\/v2\/media?parent=3522"}],"wp:term":[{"taxonomy":"product_cat","embeddable":true,"href":"http:\/\/www.locacaodemaquinas.com.br\/site\/wp-json\/wp\/v2\/product_cat?post=3522"},{"taxonomy":"product_tag","embeddable":true,"href":"http:\/\/www.locacaodemaquinas.com.br\/site\/wp-json\/wp\/v2\/product_tag?post=3522"}],"curies":[{"name":"wp","href":"https:\/\/api.w.org\/{rel}","templated":true}]}}