{"id":3527,"date":"2023-02-06T10:42:56","date_gmt":"2023-02-06T13:42:56","guid":{"rendered":"http:\/\/www.locacaodemaquinas.com.br\/site\/?post_type=product&#038;p=3527"},"modified":"2023-02-06T10:48:26","modified_gmt":"2023-02-06T13:48:26","slug":"irrigador-multiplo-8-posicoes-12m-de-plastico-palisad","status":"publish","type":"product","link":"http:\/\/www.locacaodemaquinas.com.br\/site\/loja\/venda\/mangueiras-e-acessorios\/irrigador-multiplo-8-posicoes-12m-de-plastico-palisad\/","title":{"rendered":"Irrigador M\u00faltiplo 8 Posi\u00e7\u00f5es 12m de Pl\u00e1stico &#8211; Palisad"},"content":{"rendered":"","protected":false},"excerpt":{"rendered":"<p>IRRIGADOR M\u00daLTIPLO DE PL\u00c1STICO, 8 POSI\u00c7\u00d5ES,<br \/>\nALCAN\u00c7A UMA \u00c1REA DE 113 M\u00b2, ALCAN\u00c7E RETO 12 M \/\/ PALISAD<br \/>\nIrrigador para engate r\u00e1pido com p\u00e9.<br \/>\nPermite 8 modos de irriga\u00e7\u00e3o: circular, retangular, quadrado, de meio-circulo, de setor, de faixa, bem como irriga\u00e7\u00e3o com anel interno e externo.<br \/>\nAlcan\u00e7a uma \u00e1rea de at\u00e9 12 m dependendo de modo selecionado.<br \/>\nO irrigador \u00e9 projetado para irriga\u00e7\u00e3o permanente da \u00e1rea retangular de at\u00e9 180 metros quadrados em casas de campo, jardins e parques.<br \/>\n\u00c9 compat\u00edvel com todos os elementos do sistema de irriga\u00e7\u00e3o PALISAD e PALISAD Luxe.<br \/>\nFeito de pl\u00e1stico-ABS resistente.<br \/>\nO p\u00e9 est\u00e1vel permite instalar o irrigador mesmo na superf\u00edcie inclinada ou pendurar num ramo pelo n\u00f3.<\/p>\n","protected":false},"featured_media":3528,"comment_status":"open","ping_status":"closed","template":"","meta":[],"product_cat":[45,521],"product_tag":[941,675,691],"acf":[],"_links":{"self":[{"href":"http:\/\/www.locacaodemaquinas.com.br\/site\/wp-json\/wp\/v2\/product\/3527"}],"collection":[{"href":"http:\/\/www.locacaodemaquinas.com.br\/site\/wp-json\/wp\/v2\/product"}],"about":[{"href":"http:\/\/www.locacaodemaquinas.com.br\/site\/wp-json\/wp\/v2\/types\/product"}],"replies":[{"embeddable":true,"href":"http:\/\/www.locacaodemaquinas.com.br\/site\/wp-json\/wp\/v2\/comments?post=3527"}],"wp:featuredmedia":[{"embeddable":true,"href":"http:\/\/www.locacaodemaquinas.com.br\/site\/wp-json\/wp\/v2\/media\/3528"}],"wp:attachment":[{"href":"http:\/\/www.locacaodemaquinas.com.br\/site\/wp-json\/wp\/v2\/media?parent=3527"}],"wp:term":[{"taxonomy":"product_cat","embeddable":true,"href":"http:\/\/www.locacaodemaquinas.com.br\/site\/wp-json\/wp\/v2\/product_cat?post=3527"},{"taxonomy":"product_tag","embeddable":true,"href":"http:\/\/www.locacaodemaquinas.com.br\/site\/wp-json\/wp\/v2\/product_tag?post=3527"}],"curies":[{"name":"wp","href":"https:\/\/api.w.org\/{rel}","templated":true}]}}