{"id":3533,"date":"2023-02-06T12:25:10","date_gmt":"2023-02-06T15:25:10","guid":{"rendered":"http:\/\/www.locacaodemaquinas.com.br\/site\/?post_type=product&#038;p=3533"},"modified":"2023-02-07T09:46:51","modified_gmt":"2023-02-07T12:46:51","slug":"trena-a-laser-20m-dw065e-dewalt","status":"publish","type":"product","link":"http:\/\/www.locacaodemaquinas.com.br\/site\/loja\/principais-marcas\/marca-dewalt\/trena-a-laser-20m-dw065e-dewalt\/","title":{"rendered":"Trena a Laser 20m DW065E &#8211; Dewalt"},"content":{"rendered":"<h2 class=\"coh-heading title coh-style-h1---default\">Aplica\u00e7\u00e3o<\/h2>\n<ul class=\"coh-list-container coh-unordered-list\">\n<li class=\"coh-list-item\">Ideal para medi\u00e7\u00e3o de ambientes externos, internos ou necessidade de calculos imediatos.<\/li>\n<\/ul>\n<p>&nbsp;<\/p>\n<h2 class=\"coh-heading title coh-style-h1---default\">Caracter\u00edsticas Adicionais<\/h2>\n<div class=\"outer-additional-features-item\">\n<ul class=\"additional-feature-ul\">\n<li class=\"additional-feature-list-li\">prote\u00e7\u00e3o emborrachada nas laterais com painel luminoso.<\/li>\n<li class=\"additional-feature-list-li\">medi\u00e7\u00e3o continua.<\/li>\n<li class=\"additional-feature-list-li\">mede a partir do topo ou da base e com tela backlit.<\/li>\n<li class=\"additional-feature-list-li\">calculo de area e volume.<\/li>\n<li class=\"additional-feature-list-li\">Prote\u00e7\u00e3o contra p\u00f3 e \u00e1gua &#8211; Classe de prote\u00e7\u00e3o: IP40<\/li>\n<li class=\"additional-feature-list-li\">alimenta\u00e7\u00e3o 2 pilhas alcalinas AAA inclusas.<\/li>\n<\/ul>\n<\/div>\n","protected":false},"excerpt":{"rendered":"<p>Trena a laser, alimentado e com indicador de n\u00edvel de pilhas alcalinas, com capacidade de medi\u00e7\u00e3o de dist\u00e2ncia m\u00ednima de 0,30cm e m\u00e1xima de 20 metros, com toler\u00e2ncia \u00b1 0,30mm\/m, com medi\u00e7\u00e3o cont\u00ednua que se ajusta conforme o movimento e com fun\u00e7oes de c\u00e1lculos no visor de LCD.<\/p>\n","protected":false},"featured_media":3536,"comment_status":"open","ping_status":"closed","template":"","meta":[],"product_cat":[347,45,524],"product_tag":[37,261,805],"acf":[],"_links":{"self":[{"href":"http:\/\/www.locacaodemaquinas.com.br\/site\/wp-json\/wp\/v2\/product\/3533"}],"collection":[{"href":"http:\/\/www.locacaodemaquinas.com.br\/site\/wp-json\/wp\/v2\/product"}],"about":[{"href":"http:\/\/www.locacaodemaquinas.com.br\/site\/wp-json\/wp\/v2\/types\/product"}],"replies":[{"embeddable":true,"href":"http:\/\/www.locacaodemaquinas.com.br\/site\/wp-json\/wp\/v2\/comments?post=3533"}],"wp:featuredmedia":[{"embeddable":true,"href":"http:\/\/www.locacaodemaquinas.com.br\/site\/wp-json\/wp\/v2\/media\/3536"}],"wp:attachment":[{"href":"http:\/\/www.locacaodemaquinas.com.br\/site\/wp-json\/wp\/v2\/media?parent=3533"}],"wp:term":[{"taxonomy":"product_cat","embeddable":true,"href":"http:\/\/www.locacaodemaquinas.com.br\/site\/wp-json\/wp\/v2\/product_cat?post=3533"},{"taxonomy":"product_tag","embeddable":true,"href":"http:\/\/www.locacaodemaquinas.com.br\/site\/wp-json\/wp\/v2\/product_tag?post=3533"}],"curies":[{"name":"wp","href":"https:\/\/api.w.org\/{rel}","templated":true}]}}