{"id":3539,"date":"2023-02-07T09:58:15","date_gmt":"2023-02-07T12:58:15","guid":{"rendered":"http:\/\/www.locacaodemaquinas.com.br\/site\/?post_type=product&#038;p=3539"},"modified":"2023-02-07T10:09:42","modified_gmt":"2023-02-07T13:09:42","slug":"trena-com-fita-em-aco-mwl-10m-carbografite","status":"publish","type":"product","link":"http:\/\/www.locacaodemaquinas.com.br\/site\/loja\/venda\/medicao\/trena-com-fita-em-aco-mwl-10m-carbografite\/","title":{"rendered":"Trena com Fita em A\u00e7o MWL 10m &#8211; Carbografite"},"content":{"rendered":"<div><strong>Especifica\u00e7\u00f5es T\u00e9cnicas:<\/strong><\/div>\n<div><\/div>\n<div>Comprimento: 10m<\/div>\n<div>Gradua\u00e7\u00e3o: Mil\u00edmetros e polegadas<\/div>\n<div>Material: A\u00e7o MWL<\/div>\n","protected":false},"excerpt":{"rendered":"<p>Fita com gradua\u00e7\u00e3o em mil\u00edmetros e polegadas, possui sistema articulado tipo manivela para recolher a fita e gancho ajust\u00e1vel na extremidade da fita. Ideal para trabalhos de medi\u00e7\u00f5es.<\/p>\n","protected":false},"featured_media":3541,"comment_status":"open","ping_status":"closed","template":"","meta":[],"product_cat":[45,524],"product_tag":[946,805],"acf":[],"_links":{"self":[{"href":"http:\/\/www.locacaodemaquinas.com.br\/site\/wp-json\/wp\/v2\/product\/3539"}],"collection":[{"href":"http:\/\/www.locacaodemaquinas.com.br\/site\/wp-json\/wp\/v2\/product"}],"about":[{"href":"http:\/\/www.locacaodemaquinas.com.br\/site\/wp-json\/wp\/v2\/types\/product"}],"replies":[{"embeddable":true,"href":"http:\/\/www.locacaodemaquinas.com.br\/site\/wp-json\/wp\/v2\/comments?post=3539"}],"wp:featuredmedia":[{"embeddable":true,"href":"http:\/\/www.locacaodemaquinas.com.br\/site\/wp-json\/wp\/v2\/media\/3541"}],"wp:attachment":[{"href":"http:\/\/www.locacaodemaquinas.com.br\/site\/wp-json\/wp\/v2\/media?parent=3539"}],"wp:term":[{"taxonomy":"product_cat","embeddable":true,"href":"http:\/\/www.locacaodemaquinas.com.br\/site\/wp-json\/wp\/v2\/product_cat?post=3539"},{"taxonomy":"product_tag","embeddable":true,"href":"http:\/\/www.locacaodemaquinas.com.br\/site\/wp-json\/wp\/v2\/product_tag?post=3539"}],"curies":[{"name":"wp","href":"https:\/\/api.w.org\/{rel}","templated":true}]}}