{"id":3542,"date":"2023-02-07T10:10:13","date_gmt":"2023-02-07T13:10:13","guid":{"rendered":"http:\/\/www.locacaodemaquinas.com.br\/site\/?post_type=product&#038;p=3542"},"modified":"2023-02-07T10:33:37","modified_gmt":"2023-02-07T13:33:37","slug":"trena-com-fita-em-aco-mwl-20m-carbografite","status":"publish","type":"product","link":"http:\/\/www.locacaodemaquinas.com.br\/site\/loja\/venda\/medicao\/trena-com-fita-em-aco-mwl-20m-carbografite\/","title":{"rendered":"Trena com Fita em A\u00e7o MWL 20m &#8211; Carbografite"},"content":{"rendered":"","protected":false},"excerpt":{"rendered":"<p>Fita com gradua\u00e7\u00e3o em mil\u00edmetros e polegadas, possui sistema articulado tipo manivela para recolher a fita e gancho ajust\u00e1vel na extremidade da fita. Ideal para trabalhos de medi\u00e7\u00f5es.<\/p>\n","protected":false},"featured_media":3543,"comment_status":"open","ping_status":"closed","template":"","meta":[],"product_cat":[45,524],"product_tag":[946,805],"acf":[],"_links":{"self":[{"href":"http:\/\/www.locacaodemaquinas.com.br\/site\/wp-json\/wp\/v2\/product\/3542"}],"collection":[{"href":"http:\/\/www.locacaodemaquinas.com.br\/site\/wp-json\/wp\/v2\/product"}],"about":[{"href":"http:\/\/www.locacaodemaquinas.com.br\/site\/wp-json\/wp\/v2\/types\/product"}],"replies":[{"embeddable":true,"href":"http:\/\/www.locacaodemaquinas.com.br\/site\/wp-json\/wp\/v2\/comments?post=3542"}],"wp:featuredmedia":[{"embeddable":true,"href":"http:\/\/www.locacaodemaquinas.com.br\/site\/wp-json\/wp\/v2\/media\/3543"}],"wp:attachment":[{"href":"http:\/\/www.locacaodemaquinas.com.br\/site\/wp-json\/wp\/v2\/media?parent=3542"}],"wp:term":[{"taxonomy":"product_cat","embeddable":true,"href":"http:\/\/www.locacaodemaquinas.com.br\/site\/wp-json\/wp\/v2\/product_cat?post=3542"},{"taxonomy":"product_tag","embeddable":true,"href":"http:\/\/www.locacaodemaquinas.com.br\/site\/wp-json\/wp\/v2\/product_tag?post=3542"}],"curies":[{"name":"wp","href":"https:\/\/api.w.org\/{rel}","templated":true}]}}