{"id":3548,"date":"2023-02-07T10:43:08","date_gmt":"2023-02-07T13:43:08","guid":{"rendered":"http:\/\/www.locacaodemaquinas.com.br\/site\/?post_type=product&#038;p=3548"},"modified":"2023-02-07T11:03:13","modified_gmt":"2023-02-07T14:03:13","slug":"trena-basica-com-freio-8m-stanley","status":"publish","type":"product","link":"http:\/\/www.locacaodemaquinas.com.br\/site\/loja\/principais-marcas\/marca-stanley-ferramentas\/trena-basica-com-freio-8m-stanley\/","title":{"rendered":"Trena B\u00e1sica com Freio 8m &#8211; Stanley"},"content":{"rendered":"<h2 class=\"coh-heading title coh-style-h1---default\">Caracter\u00edsticas Adicionais<\/h2>\n<div class=\"outer-additional-features-item\">\n<ul class=\"additional-feature-ul\">\n<li class=\"additional-feature-list-li\">Gancho zero absoluto para medi\u00e7\u00f5es internas e externas<\/li>\n<li class=\"additional-feature-list-li\">Pass\u00edvel de aferi\u00e7\u00e3o e calibra\u00e7\u00e3o<\/li>\n<li class=\"additional-feature-list-li\">Classe 2<\/li>\n<li class=\"additional-feature-list-li\">Incluso presilha para cinto, facilitando o transporte e evitando a perda da ferramenta<\/li>\n<li class=\"additional-feature-list-li\">Corpo em ABS Amarelo, resistente a impactos e excelente visibilidade<\/li>\n<li class=\"additional-feature-list-li\">Indicado para todo tipo de usu\u00e1rio que necessite tirar medidas de forma f\u00e1cil, r\u00e1pida e precisa.<\/li>\n<\/ul>\n<\/div>\n","protected":false},"excerpt":{"rendered":"<p>Trena universal com freio 8m que traz em sua composi\u00e7\u00e3o pol\u00edmero. Item que sempre acompanha o profissional exigente!<\/p>\n<ul class=\"feature-ul\">\n<li class=\"feature-list-li\">Inovador freio manual, para maior agilidade na aferi\u00e7\u00e3o das medidas<\/li>\n<li class=\"feature-list-li\">Caixa refor\u00e7ada com novo design, melhorando a ergonomia e est\u00e9tica do produto<\/li>\n<li class=\"feature-list-li\">Fita revestida com pol\u00edmero de longa dura\u00e7\u00e3o para maior resist\u00eancia e vida \u00fatil da trena<\/li>\n<\/ul>\n","protected":false},"featured_media":3552,"comment_status":"open","ping_status":"closed","template":"","meta":[],"product_cat":[346,45,524],"product_tag":[453,805],"acf":[],"_links":{"self":[{"href":"http:\/\/www.locacaodemaquinas.com.br\/site\/wp-json\/wp\/v2\/product\/3548"}],"collection":[{"href":"http:\/\/www.locacaodemaquinas.com.br\/site\/wp-json\/wp\/v2\/product"}],"about":[{"href":"http:\/\/www.locacaodemaquinas.com.br\/site\/wp-json\/wp\/v2\/types\/product"}],"replies":[{"embeddable":true,"href":"http:\/\/www.locacaodemaquinas.com.br\/site\/wp-json\/wp\/v2\/comments?post=3548"}],"wp:featuredmedia":[{"embeddable":true,"href":"http:\/\/www.locacaodemaquinas.com.br\/site\/wp-json\/wp\/v2\/media\/3552"}],"wp:attachment":[{"href":"http:\/\/www.locacaodemaquinas.com.br\/site\/wp-json\/wp\/v2\/media?parent=3548"}],"wp:term":[{"taxonomy":"product_cat","embeddable":true,"href":"http:\/\/www.locacaodemaquinas.com.br\/site\/wp-json\/wp\/v2\/product_cat?post=3548"},{"taxonomy":"product_tag","embeddable":true,"href":"http:\/\/www.locacaodemaquinas.com.br\/site\/wp-json\/wp\/v2\/product_tag?post=3548"}],"curies":[{"name":"wp","href":"https:\/\/api.w.org\/{rel}","templated":true}]}}