{"id":3553,"date":"2023-02-07T16:01:33","date_gmt":"2023-02-07T19:01:33","guid":{"rendered":"http:\/\/www.locacaodemaquinas.com.br\/site\/?post_type=product&#038;p=3553"},"modified":"2023-02-08T09:30:15","modified_gmt":"2023-02-08T12:30:15","slug":"esquadro-de-precisao-de-aco-carbono-12-323709-mtx","status":"publish","type":"product","link":"http:\/\/www.locacaodemaquinas.com.br\/site\/loja\/venda\/medicao\/esquadro-de-precisao-de-aco-carbono-12-323709-mtx\/","title":{"rendered":"Esquadro de Precis\u00e3o de A\u00e7o Carbono 12&#8243; 323709 &#8211; MTX"},"content":{"rendered":"","protected":false},"excerpt":{"rendered":"<p>&#8211; O Esquadro de A\u00e7o Carbono 323709 da MTX \u00e9 excelente para quem deseja fazer medi\u00e7\u00f5es diversas e precisas;<br \/>\n&#8211; Perfeito para trabalhos em Marcenaria, carpintaria, oficinas, constru\u00e7\u00e3o civil, instaladores em geral, prestadores de servi\u00e7os, usos dom\u00e9sticos, entre outros;<br \/>\n&#8211; Pode ser usado para verificar \u00e2ngulos retos;<br \/>\n&#8211; O A\u00e7o carbono de lamina\u00e7\u00e3o a quente tornam a resist\u00eancia e qualidade do esquadro da MTX muito superior aos demais de sua categoria;<\/p>\n","protected":false},"featured_media":3554,"comment_status":"open","ping_status":"closed","template":"","meta":[],"product_cat":[45,524],"product_tag":[812,547],"acf":[],"_links":{"self":[{"href":"http:\/\/www.locacaodemaquinas.com.br\/site\/wp-json\/wp\/v2\/product\/3553"}],"collection":[{"href":"http:\/\/www.locacaodemaquinas.com.br\/site\/wp-json\/wp\/v2\/product"}],"about":[{"href":"http:\/\/www.locacaodemaquinas.com.br\/site\/wp-json\/wp\/v2\/types\/product"}],"replies":[{"embeddable":true,"href":"http:\/\/www.locacaodemaquinas.com.br\/site\/wp-json\/wp\/v2\/comments?post=3553"}],"wp:featuredmedia":[{"embeddable":true,"href":"http:\/\/www.locacaodemaquinas.com.br\/site\/wp-json\/wp\/v2\/media\/3554"}],"wp:attachment":[{"href":"http:\/\/www.locacaodemaquinas.com.br\/site\/wp-json\/wp\/v2\/media?parent=3553"}],"wp:term":[{"taxonomy":"product_cat","embeddable":true,"href":"http:\/\/www.locacaodemaquinas.com.br\/site\/wp-json\/wp\/v2\/product_cat?post=3553"},{"taxonomy":"product_tag","embeddable":true,"href":"http:\/\/www.locacaodemaquinas.com.br\/site\/wp-json\/wp\/v2\/product_tag?post=3553"}],"curies":[{"name":"wp","href":"https:\/\/api.w.org\/{rel}","templated":true}]}}