{"id":3575,"date":"2023-02-08T10:43:04","date_gmt":"2023-02-08T13:43:04","guid":{"rendered":"http:\/\/www.locacaodemaquinas.com.br\/site\/?post_type=product&#038;p=3575"},"modified":"2023-02-08T10:53:19","modified_gmt":"2023-02-08T13:53:19","slug":"lampada-superled-12w-bivolt-6500k-ourolux","status":"publish","type":"product","link":"http:\/\/www.locacaodemaquinas.com.br\/site\/loja\/venda\/material-eletrico\/lampada-superled-12w-bivolt-6500k-ourolux\/","title":{"rendered":"L\u00e2mpada Superled 9W Bivolt 6500K &#8211; Ourolux"},"content":{"rendered":"<p><strong>Ficha T\u00e9cnica:<\/strong><\/p>\n<ul>\n<li>Tens\u00e3o el\u00e9trica:\u00a0100 ~ 240V<\/li>\n<li>Frequ\u00eancia: 50\/60Hz<\/li>\n<\/ul>\n<p>&nbsp;<\/p>\n","protected":false},"excerpt":{"rendered":"<p>Ficha T\u00e9cnica: Tens\u00e3o el\u00e9trica:\u00a0100 ~ 240V Frequ\u00eancia: 50\/60Hz &nbsp;<\/p>\n","protected":false},"featured_media":3576,"comment_status":"open","ping_status":"closed","template":"","meta":[],"product_cat":[45,523],"product_tag":[858,949],"acf":[],"_links":{"self":[{"href":"http:\/\/www.locacaodemaquinas.com.br\/site\/wp-json\/wp\/v2\/product\/3575"}],"collection":[{"href":"http:\/\/www.locacaodemaquinas.com.br\/site\/wp-json\/wp\/v2\/product"}],"about":[{"href":"http:\/\/www.locacaodemaquinas.com.br\/site\/wp-json\/wp\/v2\/types\/product"}],"replies":[{"embeddable":true,"href":"http:\/\/www.locacaodemaquinas.com.br\/site\/wp-json\/wp\/v2\/comments?post=3575"}],"wp:featuredmedia":[{"embeddable":true,"href":"http:\/\/www.locacaodemaquinas.com.br\/site\/wp-json\/wp\/v2\/media\/3576"}],"wp:attachment":[{"href":"http:\/\/www.locacaodemaquinas.com.br\/site\/wp-json\/wp\/v2\/media?parent=3575"}],"wp:term":[{"taxonomy":"product_cat","embeddable":true,"href":"http:\/\/www.locacaodemaquinas.com.br\/site\/wp-json\/wp\/v2\/product_cat?post=3575"},{"taxonomy":"product_tag","embeddable":true,"href":"http:\/\/www.locacaodemaquinas.com.br\/site\/wp-json\/wp\/v2\/product_tag?post=3575"}],"curies":[{"name":"wp","href":"https:\/\/api.w.org\/{rel}","templated":true}]}}