{"id":3589,"date":"2023-02-09T10:17:39","date_gmt":"2023-02-09T13:17:39","guid":{"rendered":"http:\/\/www.locacaodemaquinas.com.br\/site\/?post_type=product&#038;p=3589"},"modified":"2023-02-09T10:27:03","modified_gmt":"2023-02-09T13:27:03","slug":"lampada-superled-alta-potencia-t20w-bivolt-6500k-1560-lumens-ourolux","status":"publish","type":"product","link":"http:\/\/www.locacaodemaquinas.com.br\/site\/loja\/venda\/material-eletrico\/lampada-superled-alta-potencia-t20w-bivolt-6500k-1560-lumens-ourolux\/","title":{"rendered":"L\u00e2mpada Superled Alta Pot\u00eancia T20W Bivolt 6500K 1560 Lumens &#8211; Ourolux"},"content":{"rendered":"<p><strong>Ficha T\u00e9cnica:<\/strong><\/p>\n<div id=\"description\" class=\"data item content\" role=\"tabpanel\" aria-labelledby=\"tab-label-description\" data-role=\"content\" aria-hidden=\"false\">\n<div class=\"product attribute description\">\n<div class=\"value\">\n<div data-content-type=\"html\" data-appearance=\"default\" data-element=\"main\" data-decoded=\"true\">\n<ul>\n<li>Tens\u00e3o el\u00e9trica: 100 ~ 240V<\/li>\n<li>Frequ\u00eancia:\u00a050\/60Hz<\/li>\n<li>Modelo: Tipo T<\/li>\n<\/ul>\n<\/div>\n<\/div>\n<\/div>\n<\/div>\n","protected":false},"excerpt":{"rendered":"<div class=\"box-inner1\">\n<div class=\"product attribute overview\">\n<div class=\"value\">\n<p>Ideais para ambientes amplos residenciais e comerciais, as L\u00e2mpadas SUPERLED ALTA POT\u00caNCIA mant\u00eam a eleg\u00e2ncia e minimalismo permitindo a instala\u00e7\u00e3o de apenas um modelo; pois possuem o melhor da tecnologia LED, alta pot\u00eancia e alto fluxo luminoso.<\/p>\n<\/div>\n<\/div>\n<\/div>\n<div class=\"attr-info\">\n<div class=\"product-add-form\"><\/div>\n<div class=\"product-social-extra product-social-links\">\n<div class=\"product-addto-links\" data-role=\"add-to-links\"><\/div>\n<\/div>\n<\/div>\n","protected":false},"featured_media":3590,"comment_status":"open","ping_status":"closed","template":"","meta":[],"product_cat":[45,523],"product_tag":[858,949],"acf":[],"_links":{"self":[{"href":"http:\/\/www.locacaodemaquinas.com.br\/site\/wp-json\/wp\/v2\/product\/3589"}],"collection":[{"href":"http:\/\/www.locacaodemaquinas.com.br\/site\/wp-json\/wp\/v2\/product"}],"about":[{"href":"http:\/\/www.locacaodemaquinas.com.br\/site\/wp-json\/wp\/v2\/types\/product"}],"replies":[{"embeddable":true,"href":"http:\/\/www.locacaodemaquinas.com.br\/site\/wp-json\/wp\/v2\/comments?post=3589"}],"wp:featuredmedia":[{"embeddable":true,"href":"http:\/\/www.locacaodemaquinas.com.br\/site\/wp-json\/wp\/v2\/media\/3590"}],"wp:attachment":[{"href":"http:\/\/www.locacaodemaquinas.com.br\/site\/wp-json\/wp\/v2\/media?parent=3589"}],"wp:term":[{"taxonomy":"product_cat","embeddable":true,"href":"http:\/\/www.locacaodemaquinas.com.br\/site\/wp-json\/wp\/v2\/product_cat?post=3589"},{"taxonomy":"product_tag","embeddable":true,"href":"http:\/\/www.locacaodemaquinas.com.br\/site\/wp-json\/wp\/v2\/product_tag?post=3589"}],"curies":[{"name":"wp","href":"https:\/\/api.w.org\/{rel}","templated":true}]}}