{"id":3593,"date":"2023-02-09T10:32:11","date_gmt":"2023-02-09T13:32:11","guid":{"rendered":"http:\/\/www.locacaodemaquinas.com.br\/site\/?post_type=product&#038;p=3593"},"modified":"2023-02-09T10:38:13","modified_gmt":"2023-02-09T13:38:13","slug":"lampada-superled-alta-potencia-t40w-bivolt-6500k-3200-lumens-ourolux","status":"publish","type":"product","link":"http:\/\/www.locacaodemaquinas.com.br\/site\/loja\/venda\/material-eletrico\/lampada-superled-alta-potencia-t40w-bivolt-6500k-3200-lumens-ourolux\/","title":{"rendered":"L\u00e2mpada Superled Alta Pot\u00eancia T40W Bivolt 6500K 3200 Lumens &#8211; Ourolux"},"content":{"rendered":"","protected":false},"excerpt":{"rendered":"<div class=\"box-inner1\">\n<div class=\"product attribute overview\">\n<div class=\"value\">\n<div class=\"box-inner1\">\n<div class=\"product attribute overview\">\n<div class=\"value\">\n<p>Ideais para ambientes amplos residenciais e comerciais, as L\u00e2mpadas SUPERLED ALTA POT\u00caNCIA mant\u00eam a eleg\u00e2ncia e minimalismo permitindo a instala\u00e7\u00e3o de apenas um modelo; pois possuem o melhor da tecnologia LED, alta pot\u00eancia e alto fluxo luminoso.<\/p>\n<\/div>\n<\/div>\n<\/div>\n<div class=\"attr-info\">\n<div class=\"product-add-form\"><\/div>\n<div class=\"product-social-extra product-social-links\">\n<div class=\"product-addto-links\" data-role=\"add-to-links\"><\/div>\n<\/div>\n<\/div>\n<\/div>\n<\/div>\n<\/div>\n<div class=\"attr-info\">\n<div class=\"product-add-form\"><\/div>\n<div class=\"product-social-extra product-social-links\">\n<div class=\"product-addto-links\" data-role=\"add-to-links\"><\/div>\n<\/div>\n<\/div>\n","protected":false},"featured_media":3594,"comment_status":"open","ping_status":"closed","template":"","meta":[],"product_cat":[45,523],"product_tag":[858,949],"acf":[],"_links":{"self":[{"href":"http:\/\/www.locacaodemaquinas.com.br\/site\/wp-json\/wp\/v2\/product\/3593"}],"collection":[{"href":"http:\/\/www.locacaodemaquinas.com.br\/site\/wp-json\/wp\/v2\/product"}],"about":[{"href":"http:\/\/www.locacaodemaquinas.com.br\/site\/wp-json\/wp\/v2\/types\/product"}],"replies":[{"embeddable":true,"href":"http:\/\/www.locacaodemaquinas.com.br\/site\/wp-json\/wp\/v2\/comments?post=3593"}],"wp:featuredmedia":[{"embeddable":true,"href":"http:\/\/www.locacaodemaquinas.com.br\/site\/wp-json\/wp\/v2\/media\/3594"}],"wp:attachment":[{"href":"http:\/\/www.locacaodemaquinas.com.br\/site\/wp-json\/wp\/v2\/media?parent=3593"}],"wp:term":[{"taxonomy":"product_cat","embeddable":true,"href":"http:\/\/www.locacaodemaquinas.com.br\/site\/wp-json\/wp\/v2\/product_cat?post=3593"},{"taxonomy":"product_tag","embeddable":true,"href":"http:\/\/www.locacaodemaquinas.com.br\/site\/wp-json\/wp\/v2\/product_tag?post=3593"}],"curies":[{"name":"wp","href":"https:\/\/api.w.org\/{rel}","templated":true}]}}