{"id":361,"date":"2021-08-09T17:30:24","date_gmt":"2021-08-09T20:30:24","guid":{"rendered":"http:\/\/www.locacaodemaquinas.com.br\/site\/?post_type=product&#038;p=361"},"modified":"2024-10-02T15:39:26","modified_gmt":"2024-10-02T18:39:26","slug":"furadeira-blackdecker-tm-500k-com-maleta","status":"publish","type":"product","link":"http:\/\/www.locacaodemaquinas.com.br\/site\/loja\/venda\/furadeira-blackdecker-tm-500k-com-maleta\/","title":{"rendered":"Furadeira Black&amp;Decker TM 500K com maleta"},"content":{"rendered":"<h2>CARACTER\u00cdSTICAS:<\/h2>\n<p>&#8211; Trava de gatilho para uso cont\u00ednuo;<br \/>\n&#8211; Porta chave de mandril no pr\u00f3prio cabo;<br \/>\n&#8211; Mandril de 3\/8&#8243; com chave;<\/p>\n<p>&nbsp;<\/p>\n<h2>ITENS INCLUSOS:<\/h2>\n<ul>\n<li>1 maleta<\/li>\n<li>1 manual de instru\u00e7\u00e3o<\/li>\n<\/ul>\n<p>&nbsp;<\/p>\n<p>&nbsp;<\/p>\n","protected":false},"excerpt":{"rendered":"<p>&#8211; A Furadeira de Impacto TM500K da Black+Decker \u00e9 ideal para perfura\u00e7\u00f5es em Alvenaria, Metal e Madeira;<br \/>\n&#8211; Equipada com potente motor de 560 Watts;<br \/>\n&#8211; Indicada para realizar instala\u00e7\u00f5es de prateleiras, quadros, m\u00f3veis, cortinas, suportes para plantas e at\u00e9 artesanatos;<br \/>\n&#8211; Ideal para pedreiros, marceneiros, instaladores em geral, hobbystas, entre outros;<\/p>\n","protected":false},"featured_media":362,"comment_status":"open","ping_status":"closed","template":"","meta":[],"product_cat":[45],"product_tag":[50,47,49,48],"acf":[],"_links":{"self":[{"href":"http:\/\/www.locacaodemaquinas.com.br\/site\/wp-json\/wp\/v2\/product\/361"}],"collection":[{"href":"http:\/\/www.locacaodemaquinas.com.br\/site\/wp-json\/wp\/v2\/product"}],"about":[{"href":"http:\/\/www.locacaodemaquinas.com.br\/site\/wp-json\/wp\/v2\/types\/product"}],"replies":[{"embeddable":true,"href":"http:\/\/www.locacaodemaquinas.com.br\/site\/wp-json\/wp\/v2\/comments?post=361"}],"wp:featuredmedia":[{"embeddable":true,"href":"http:\/\/www.locacaodemaquinas.com.br\/site\/wp-json\/wp\/v2\/media\/362"}],"wp:attachment":[{"href":"http:\/\/www.locacaodemaquinas.com.br\/site\/wp-json\/wp\/v2\/media?parent=361"}],"wp:term":[{"taxonomy":"product_cat","embeddable":true,"href":"http:\/\/www.locacaodemaquinas.com.br\/site\/wp-json\/wp\/v2\/product_cat?post=361"},{"taxonomy":"product_tag","embeddable":true,"href":"http:\/\/www.locacaodemaquinas.com.br\/site\/wp-json\/wp\/v2\/product_tag?post=361"}],"curies":[{"name":"wp","href":"https:\/\/api.w.org\/{rel}","templated":true}]}}