{"id":3615,"date":"2023-02-17T10:44:02","date_gmt":"2023-02-17T13:44:02","guid":{"rendered":"http:\/\/www.locacaodemaquinas.com.br\/site\/?post_type=product&#038;p=3615"},"modified":"2023-02-17T10:46:18","modified_gmt":"2023-02-17T13:46:18","slug":"compressor-de-ar-direto-red-chiaperini-2","status":"publish","type":"product","link":"http:\/\/www.locacaodemaquinas.com.br\/site\/loja\/venda\/maquinas-e-equipamentos\/compressor-de-ar-direto-red-chiaperini-2\/","title":{"rendered":"Compressor de ar direto RED &#8211; CHIAPERINI"},"content":{"rendered":"<p>Torne o seu dia-a-dia ainda mais pr\u00e1tico com o Compressor Ar Direto. Por ser leve, port\u00e1til, seguro e de f\u00e1cil utiliza\u00e7\u00e3o, ele ir\u00e1 atender \u00e0s suas necessidades de forma r\u00e1pida e eficiente nos<br \/>\nservi\u00e7os dom\u00e9stico como: Pintar \u2013 Envernizar \u2013 Pulverizar<br \/>\nO Motocompressor Ar Direto conta com sistema de trabalho por membrana, isento de \u00f3leo, motor monof\u00e1sico BIVOLT com chave seletora de tens\u00e3o 127\/220V, v\u00e1lvula de seguran\u00e7a e filtro de ar.<\/p>\n<p><strong>Kit de acess\u00f3rios:<\/strong><br \/>\n\u2013 Pistola p\/ pintura \u2013 agora em pl\u00e1stico e mais leve!<br \/>\n\u2013 Mangueira espiral c\/ 5m \u2013 simples, pr\u00e1tica e elegante!<\/p>\n","protected":false},"excerpt":{"rendered":"<p>Torne o seu dia-a-dia ainda mais pr\u00e1tico com o Compressor Ar Direto. Por ser leve, port\u00e1til, seguro e de f\u00e1cil utiliza\u00e7\u00e3o, ele ir\u00e1 atender \u00e0s suas necessidades de forma r\u00e1pida e eficiente nos<br \/>\nservi\u00e7os dom\u00e9stico como:<br \/>\n\u2013 Pintar<br \/>\n\u2013 Envernizar<br \/>\n\u2013 Pulverizar<\/p>\n<p>Fonte: Chiaperini<\/p>\n","protected":false},"featured_media":1076,"comment_status":"open","ping_status":"closed","template":"","meta":[],"product_cat":[45,522,526],"product_tag":[590,383],"acf":[],"_links":{"self":[{"href":"http:\/\/www.locacaodemaquinas.com.br\/site\/wp-json\/wp\/v2\/product\/3615"}],"collection":[{"href":"http:\/\/www.locacaodemaquinas.com.br\/site\/wp-json\/wp\/v2\/product"}],"about":[{"href":"http:\/\/www.locacaodemaquinas.com.br\/site\/wp-json\/wp\/v2\/types\/product"}],"replies":[{"embeddable":true,"href":"http:\/\/www.locacaodemaquinas.com.br\/site\/wp-json\/wp\/v2\/comments?post=3615"}],"wp:featuredmedia":[{"embeddable":true,"href":"http:\/\/www.locacaodemaquinas.com.br\/site\/wp-json\/wp\/v2\/media\/1076"}],"wp:attachment":[{"href":"http:\/\/www.locacaodemaquinas.com.br\/site\/wp-json\/wp\/v2\/media?parent=3615"}],"wp:term":[{"taxonomy":"product_cat","embeddable":true,"href":"http:\/\/www.locacaodemaquinas.com.br\/site\/wp-json\/wp\/v2\/product_cat?post=3615"},{"taxonomy":"product_tag","embeddable":true,"href":"http:\/\/www.locacaodemaquinas.com.br\/site\/wp-json\/wp\/v2\/product_tag?post=3615"}],"curies":[{"name":"wp","href":"https:\/\/api.w.org\/{rel}","templated":true}]}}