{"id":3667,"date":"2023-03-02T12:55:13","date_gmt":"2023-03-02T15:55:13","guid":{"rendered":"http:\/\/www.locacaodemaquinas.com.br\/site\/?post_type=product&#038;p=3667"},"modified":"2023-03-02T16:02:42","modified_gmt":"2023-03-02T19:02:42","slug":"serra-circular-manual-9-1-4-dw389-dewalt","status":"publish","type":"product","link":"http:\/\/www.locacaodemaquinas.com.br\/site\/loja\/ferramenta-eletrica-2\/serra\/serra-circular\/serra-circular-manual-9-1-4-dw389-dewalt\/","title":{"rendered":"Serra Circular Manual 9 1\/4&#8243; DW389 &#8211; Dewalt"},"content":{"rendered":"<p><strong>Usos<\/strong>:<\/p>\n<p>Marcenarias, carpintarias, f\u00e1brica de m\u00f3veis, tape\u00e7arias, instaladores, departamentos de manuten\u00e7\u00e3o, constru\u00e7\u00e3o civil.<\/p>\n<p><strong>Especifica\u00e7\u00f5es<\/strong>:<\/p>\n<p>Pot\u00eancia: 1800 Watts<br \/>\nVelocidade: 5900 Rpm<br \/>\nDi\u00e2metro do disco: 9 \u00bc&#8221; (235mm)<br \/>\nCapacidade de corte: 86, 65, 60mm<\/p>\n","protected":false},"excerpt":{"rendered":"<p>Sapata de alum\u00ednio de alta resist\u00eancia e baixa vibra\u00e7\u00e3o<br \/>\nTrava de eixo para troca de acess\u00f3rios<br \/>\nRolamentos de esfera<br \/>\nEngrenagens helicoidais sinterizadas &#8211; maior durabilidade<br \/>\n100% rolamentada<\/p>\n","protected":false},"featured_media":3669,"comment_status":"open","ping_status":"closed","template":"","meta":[],"product_cat":[496,225],"product_tag":[37,38,457],"acf":[],"_links":{"self":[{"href":"http:\/\/www.locacaodemaquinas.com.br\/site\/wp-json\/wp\/v2\/product\/3667"}],"collection":[{"href":"http:\/\/www.locacaodemaquinas.com.br\/site\/wp-json\/wp\/v2\/product"}],"about":[{"href":"http:\/\/www.locacaodemaquinas.com.br\/site\/wp-json\/wp\/v2\/types\/product"}],"replies":[{"embeddable":true,"href":"http:\/\/www.locacaodemaquinas.com.br\/site\/wp-json\/wp\/v2\/comments?post=3667"}],"wp:featuredmedia":[{"embeddable":true,"href":"http:\/\/www.locacaodemaquinas.com.br\/site\/wp-json\/wp\/v2\/media\/3669"}],"wp:attachment":[{"href":"http:\/\/www.locacaodemaquinas.com.br\/site\/wp-json\/wp\/v2\/media?parent=3667"}],"wp:term":[{"taxonomy":"product_cat","embeddable":true,"href":"http:\/\/www.locacaodemaquinas.com.br\/site\/wp-json\/wp\/v2\/product_cat?post=3667"},{"taxonomy":"product_tag","embeddable":true,"href":"http:\/\/www.locacaodemaquinas.com.br\/site\/wp-json\/wp\/v2\/product_tag?post=3667"}],"curies":[{"name":"wp","href":"https:\/\/api.w.org\/{rel}","templated":true}]}}