{"id":3670,"date":"2023-03-02T17:10:01","date_gmt":"2023-03-02T20:10:01","guid":{"rendered":"http:\/\/www.locacaodemaquinas.com.br\/site\/?post_type=product&#038;p=3670"},"modified":"2025-05-19T18:00:07","modified_gmt":"2025-05-19T21:00:07","slug":"motobomba-a-gasolina-6hp-wp900-stihl","status":"publish","type":"product","link":"http:\/\/www.locacaodemaquinas.com.br\/site\/loja\/locacao\/bomba\/motobomba\/motobomba-a-gasolina-6hp-wp900-stihl\/","title":{"rendered":"Motobomba \u00e0 Gasolina 7HP WP 900 &#8211; STIHL"},"content":{"rendered":"<p>Com\u00a0<strong>motor STIHL EHC 705 de 4 tempos a gasolina (7 HP)<\/strong>, a motobomba STIHL WP 900 \u00e9 capaz de transferir at\u00e9\u00a0<strong>1.000 litros de \u00e1gua a cada 40 segundos<\/strong>, com vaz\u00e3o m\u00e1xima de 94 m\u00b3\/h. Isso tudo a uma altura m\u00e1xima de suc\u00e7\u00e3o\u00a0<strong>de 6,5 m<\/strong>\u00a0e altura m\u00e1xima de bombeamento de\u00a0<strong>34 m<\/strong>.<\/p>\n<p>O equipamento possui um\u00a0<strong>quadro de sustenta\u00e7\u00e3o robusto<\/strong>\u00a0que protege o motor e a bomba contra impactos durante o transporte e manuseio. F\u00e1cil de operar, as conex\u00f5es das mangueiras \u00e0s aberturas de entrada e sa\u00edda de \u00e1gua, com\u00a0<strong>conex\u00f5es de 4 polegadas<\/strong>, s\u00e3o feitas usando bra\u00e7adeiras que acompanham o produto. Al\u00e9m disso, a motobomba STIHL WP 900 \u00e9\u00a0<strong>protegida por um filtro de suc\u00e7\u00e3o<\/strong> contra a contamina\u00e7\u00e3o por part\u00edculas de at\u00e9 6 mm, evitando o risco de entupimento.<\/p>\n<p>Al\u00e9m da WP 900, a\u00a0<strong>linha de motobombas STIHL<\/strong> possui ainda os modelos WP 300 e WP 600. Escolha a vers\u00e3o que melhor atende a sua necessidade e garanta mais desempenho na transposi\u00e7\u00e3o de \u00e1gua.<\/p>\n<h3 class=\"LC20lb MBeuO DKV0Md\"><\/h3>\n","protected":false},"excerpt":{"rendered":"<div class=\"tabs\">\n<h2>Alta performance na transposi\u00e7\u00e3o de \u00e1gua<\/h2>\n<div class=\"tabs\">\n<div class=\"wrapper_content\">\n<div class=\"tabbody tabbody_large container_tab_1\">\n<div class=\"product-slider-wrapper\">\n<div class=\"product-carousel slick-initialized slick-slider slick-dotted\">\n<div class=\"slick-list draggable\">\n<div class=\"slick-track\">\n<div id=\"slick-slide03\" class=\"product-carousel-item slick-slide\" tabindex=\"-1\" role=\"tabpanel\" data-slick-index=\"3\" aria-hidden=\"true\" aria-describedby=\"slick-slide-control03\">A nova <strong>motobomba STIHL WP 900<\/strong>\u00a0garante alto desempenho na transposi\u00e7\u00e3o de \u00e1gua. Na agricultura, por exemplo, pode ser usada para\u00a0<strong>transfer\u00eancia de rios, lagos, po\u00e7os, a\u00e7udes e outros tipos de reservat\u00f3rios<\/strong>\u00a0para irrigar \u00e1reas cultivadas, facilitando o trabalho de produtores rurais. O equipamento tamb\u00e9m pode ser usado para outras finalidades, como remover ac\u00famulos de \u00e1gua, na constru\u00e7\u00e3o civil.<\/div>\n<\/div>\n<\/div>\n<\/div>\n<\/div>\n<\/div>\n<\/div>\n<\/div>\n<\/div>\n","protected":false},"featured_media":3312,"comment_status":"open","ping_status":"closed","template":"","meta":[],"product_cat":[156,522],"product_tag":[592,364],"acf":[],"_links":{"self":[{"href":"http:\/\/www.locacaodemaquinas.com.br\/site\/wp-json\/wp\/v2\/product\/3670"}],"collection":[{"href":"http:\/\/www.locacaodemaquinas.com.br\/site\/wp-json\/wp\/v2\/product"}],"about":[{"href":"http:\/\/www.locacaodemaquinas.com.br\/site\/wp-json\/wp\/v2\/types\/product"}],"replies":[{"embeddable":true,"href":"http:\/\/www.locacaodemaquinas.com.br\/site\/wp-json\/wp\/v2\/comments?post=3670"}],"wp:featuredmedia":[{"embeddable":true,"href":"http:\/\/www.locacaodemaquinas.com.br\/site\/wp-json\/wp\/v2\/media\/3312"}],"wp:attachment":[{"href":"http:\/\/www.locacaodemaquinas.com.br\/site\/wp-json\/wp\/v2\/media?parent=3670"}],"wp:term":[{"taxonomy":"product_cat","embeddable":true,"href":"http:\/\/www.locacaodemaquinas.com.br\/site\/wp-json\/wp\/v2\/product_cat?post=3670"},{"taxonomy":"product_tag","embeddable":true,"href":"http:\/\/www.locacaodemaquinas.com.br\/site\/wp-json\/wp\/v2\/product_tag?post=3670"}],"curies":[{"name":"wp","href":"https:\/\/api.w.org\/{rel}","templated":true}]}}