{"id":3673,"date":"2023-03-10T17:32:55","date_gmt":"2023-03-10T20:32:55","guid":{"rendered":"http:\/\/www.locacaodemaquinas.com.br\/site\/?post_type=product&#038;p=3673"},"modified":"2023-03-10T17:32:56","modified_gmt":"2023-03-10T20:32:56","slug":"trena-a-laser-30m-dwht77100-cn-dewalt","status":"publish","type":"product","link":"http:\/\/www.locacaodemaquinas.com.br\/site\/loja\/principais-marcas\/marca-dewalt\/trena-a-laser-30m-dwht77100-cn-dewalt\/","title":{"rendered":"Trena a Laser 30m DWHT77100-CN &#8211; Dewalt"},"content":{"rendered":"<div><strong>Especifica\u00e7\u00f5es T\u00e9cnicas:<\/strong><\/div>\n<div><\/div>\n<div>&#8211; Alcance de 30m (100p\u00e9s)<\/div>\n<div>&#8211; Medi\u00e7\u00e3o em Metros, Cent\u00edmetros, P\u00e9s e Polegadas<\/div>\n<div>&#8211; Classe de Prote\u00e7\u00e3o: IP 40<\/div>\n<div>&#8211; Calculo de \u00c1rea, Volume e Pit\u00e1goras<\/div>\n","protected":false},"excerpt":{"rendered":"<p>Trena a laser 30M, com indicador de nivel de pilhas,com uma toler\u00e2ncia de \u00b1 0,30mm\/m, capaz de fazer medi\u00e7\u00e3o continua que se ajusta conforme o movimento, al\u00e9m de fun\u00e7\u00f5es de c\u00e1lculos e pconta tamb\u00e9m com visor LCD.<\/p>\n","protected":false},"featured_media":3676,"comment_status":"open","ping_status":"closed","template":"","meta":[],"product_cat":[347,45,524],"product_tag":[37,261,805],"acf":[],"_links":{"self":[{"href":"http:\/\/www.locacaodemaquinas.com.br\/site\/wp-json\/wp\/v2\/product\/3673"}],"collection":[{"href":"http:\/\/www.locacaodemaquinas.com.br\/site\/wp-json\/wp\/v2\/product"}],"about":[{"href":"http:\/\/www.locacaodemaquinas.com.br\/site\/wp-json\/wp\/v2\/types\/product"}],"replies":[{"embeddable":true,"href":"http:\/\/www.locacaodemaquinas.com.br\/site\/wp-json\/wp\/v2\/comments?post=3673"}],"wp:featuredmedia":[{"embeddable":true,"href":"http:\/\/www.locacaodemaquinas.com.br\/site\/wp-json\/wp\/v2\/media\/3676"}],"wp:attachment":[{"href":"http:\/\/www.locacaodemaquinas.com.br\/site\/wp-json\/wp\/v2\/media?parent=3673"}],"wp:term":[{"taxonomy":"product_cat","embeddable":true,"href":"http:\/\/www.locacaodemaquinas.com.br\/site\/wp-json\/wp\/v2\/product_cat?post=3673"},{"taxonomy":"product_tag","embeddable":true,"href":"http:\/\/www.locacaodemaquinas.com.br\/site\/wp-json\/wp\/v2\/product_tag?post=3673"}],"curies":[{"name":"wp","href":"https:\/\/api.w.org\/{rel}","templated":true}]}}