{"id":3677,"date":"2023-05-30T10:25:18","date_gmt":"2023-05-30T13:25:18","guid":{"rendered":"http:\/\/www.locacaodemaquinas.com.br\/site\/?post_type=product&#038;p=3677"},"modified":"2024-10-02T10:04:36","modified_gmt":"2024-10-02T13:04:36","slug":"motocultivador-mh-610-a-gasolina-6hp-stihl","status":"publish","type":"product","link":"http:\/\/www.locacaodemaquinas.com.br\/site\/loja\/principais-marcas\/marca-stihl\/motocultivador-mh-610-a-gasolina-6hp-stihl\/","title":{"rendered":"Motocultivador Tratorito MH 610 \u00e0 Gasolina 6hp &#8211; STIHL"},"content":{"rendered":"<p>O motocultivador STIHL possui 80 cm de largura de trabalho, a forma das l\u00e2minas permite misturar a terra com efici\u00eancia, cortando com facilidade ra\u00edzes ou outro material vegetal.<\/p>\n<p>Todos os componentes s\u00e3o fabricados com materiais extremamente resistentes, tais como a\u00e7o refor\u00e7ado projetado para uso pr\u00e1tico em servi\u00e7o pesado. O ajuste de altura central garante um manuseio ergon\u00f4mico que permite trabalhar sem esfor\u00e7o. Duas marchas para frente e a marcha \u00e0 r\u00e9 permitem manobrar a m\u00e1quina com facilidade.<\/p>\n<ul>\n<li>Equipamento vers\u00e1til<\/li>\n<li>F\u00e1cil utiliza\u00e7\u00e3o<\/li>\n<li>Transmiss\u00e3o de 3 velocidades<\/li>\n<li>Barras de ajuste de profundidade e condu\u00e7\u00e3o<\/li>\n<li>Filtro em banho de \u00f3leo<\/li>\n<li>Motor STIHL EHC<\/li>\n<li>Al\u00e7a e roda para transporte<\/li>\n<li>Largura m\u00e1xima de 80 cm<\/li>\n<li>Disco de prote\u00e7\u00e3o para plantas<\/li>\n<\/ul>\n","protected":false},"excerpt":{"rendered":"<p>O motocultivador STIHL <strong>MH 610<\/strong> possui alto desempenho para o preparo de solo em terrenos densos, equipado com potente motor \u00e0 gasolina STIHL de 4 tempos.<\/p>\n","protected":false},"featured_media":3758,"comment_status":"open","ping_status":"closed","template":"","meta":[],"product_cat":[343,45,522],"product_tag":[266,961,364],"acf":[],"_links":{"self":[{"href":"http:\/\/www.locacaodemaquinas.com.br\/site\/wp-json\/wp\/v2\/product\/3677"}],"collection":[{"href":"http:\/\/www.locacaodemaquinas.com.br\/site\/wp-json\/wp\/v2\/product"}],"about":[{"href":"http:\/\/www.locacaodemaquinas.com.br\/site\/wp-json\/wp\/v2\/types\/product"}],"replies":[{"embeddable":true,"href":"http:\/\/www.locacaodemaquinas.com.br\/site\/wp-json\/wp\/v2\/comments?post=3677"}],"wp:featuredmedia":[{"embeddable":true,"href":"http:\/\/www.locacaodemaquinas.com.br\/site\/wp-json\/wp\/v2\/media\/3758"}],"wp:attachment":[{"href":"http:\/\/www.locacaodemaquinas.com.br\/site\/wp-json\/wp\/v2\/media?parent=3677"}],"wp:term":[{"taxonomy":"product_cat","embeddable":true,"href":"http:\/\/www.locacaodemaquinas.com.br\/site\/wp-json\/wp\/v2\/product_cat?post=3677"},{"taxonomy":"product_tag","embeddable":true,"href":"http:\/\/www.locacaodemaquinas.com.br\/site\/wp-json\/wp\/v2\/product_tag?post=3677"}],"curies":[{"name":"wp","href":"https:\/\/api.w.org\/{rel}","templated":true}]}}