{"id":3734,"date":"2023-05-13T10:39:25","date_gmt":"2023-05-13T13:39:25","guid":{"rendered":"http:\/\/www.locacaodemaquinas.com.br\/site\/?post_type=product&#038;p=3734"},"modified":"2025-10-06T15:42:21","modified_gmt":"2025-10-06T18:42:21","slug":"motosserra-gasolina-ms-661-stihl","status":"publish","type":"product","link":"http:\/\/www.locacaodemaquinas.com.br\/site\/loja\/principais-marcas\/marca-stihl\/motosserra-gasolina-ms-661-stihl\/","title":{"rendered":"Motosserra \u00e0 Gasolina MS 382 &#8211; STIHL"},"content":{"rendered":"<p>Obs: Sob os termos da marca STIHL, n\u00e3o estamos autorizados a vend\u00ea-los pela internet, mas voc\u00ea pode visitar as nossas lojas f\u00edsicas. O intuito \u00e9 apenas informativo.<\/p>\n","protected":false},"excerpt":{"rendered":"<div class=\"tabs\">\n<p>Desenvolvida pensando nos usu\u00e1rios mais exigentes dos mercados florestal e agropecu\u00e1rio, a\u00a0<b>motosserra STIHL MS 382\u00a0<\/b>\u00e9 uma motosserra ideal para as atividades de colheita, desbaste, tra\u00e7amento, podas e cortes de madeira em geral. Al\u00e9m de constru\u00e7\u00e3o robusta e peso reduzido, tamb\u00e9m conta com novos atributos que oferecem uma \u00f3tima rela\u00e7\u00e3o peso x pot\u00eancia.<\/p>\n<\/div>\n<p>Fonte: STIHL<\/p>\n","protected":false},"featured_media":3742,"comment_status":"open","ping_status":"closed","template":"","meta":[],"product_cat":[342,343],"product_tag":[368,364],"acf":[],"_links":{"self":[{"href":"http:\/\/www.locacaodemaquinas.com.br\/site\/wp-json\/wp\/v2\/product\/3734"}],"collection":[{"href":"http:\/\/www.locacaodemaquinas.com.br\/site\/wp-json\/wp\/v2\/product"}],"about":[{"href":"http:\/\/www.locacaodemaquinas.com.br\/site\/wp-json\/wp\/v2\/types\/product"}],"replies":[{"embeddable":true,"href":"http:\/\/www.locacaodemaquinas.com.br\/site\/wp-json\/wp\/v2\/comments?post=3734"}],"wp:featuredmedia":[{"embeddable":true,"href":"http:\/\/www.locacaodemaquinas.com.br\/site\/wp-json\/wp\/v2\/media\/3742"}],"wp:attachment":[{"href":"http:\/\/www.locacaodemaquinas.com.br\/site\/wp-json\/wp\/v2\/media?parent=3734"}],"wp:term":[{"taxonomy":"product_cat","embeddable":true,"href":"http:\/\/www.locacaodemaquinas.com.br\/site\/wp-json\/wp\/v2\/product_cat?post=3734"},{"taxonomy":"product_tag","embeddable":true,"href":"http:\/\/www.locacaodemaquinas.com.br\/site\/wp-json\/wp\/v2\/product_tag?post=3734"}],"curies":[{"name":"wp","href":"https:\/\/api.w.org\/{rel}","templated":true}]}}