{"id":3737,"date":"2023-05-13T10:45:11","date_gmt":"2023-05-13T13:45:11","guid":{"rendered":"http:\/\/www.locacaodemaquinas.com.br\/site\/?post_type=product&#038;p=3737"},"modified":"2024-04-18T16:51:42","modified_gmt":"2024-04-18T19:51:42","slug":"motosserra-gasolina-ms-250-stihl-2","status":"publish","type":"product","link":"http:\/\/www.locacaodemaquinas.com.br\/site\/loja\/principais-marcas\/marca-stihl\/motosserra-gasolina-ms-250-stihl-2\/","title":{"rendered":"Motosserra \u00e0 Gasolina MS 250 &#8211; STIHL"},"content":{"rendered":"<p>Obs: Sob os termos da marca STIHL, n\u00e3o estamos autorizados a vend\u00ea-los pela internet, mas voc\u00ea pode visitar as nossas lojas f\u00edsicas. O intuito \u00e9 apenas informativo.<\/p>\n","protected":false},"excerpt":{"rendered":"<div class=\"tabs\">\n<p>A\u00a0<b>motosserra STIHL MS 250<\/b>\u00a0\u00e9 compacta, leve e possui um excelente torque. Sua pot\u00eancia permite realizar trabalhos de forma r\u00e1pida e produtiva. \u00c9 indicada para uso em fazendas, s\u00edtios, ch\u00e1caras, pomares, fruticultura e arboriza\u00e7\u00e3o.<\/p>\n<\/div>\n<p>Fonte: STIHL<\/p>\n","protected":false},"featured_media":3739,"comment_status":"open","ping_status":"closed","template":"","meta":[],"product_cat":[342,343],"product_tag":[368,364],"acf":[],"_links":{"self":[{"href":"http:\/\/www.locacaodemaquinas.com.br\/site\/wp-json\/wp\/v2\/product\/3737"}],"collection":[{"href":"http:\/\/www.locacaodemaquinas.com.br\/site\/wp-json\/wp\/v2\/product"}],"about":[{"href":"http:\/\/www.locacaodemaquinas.com.br\/site\/wp-json\/wp\/v2\/types\/product"}],"replies":[{"embeddable":true,"href":"http:\/\/www.locacaodemaquinas.com.br\/site\/wp-json\/wp\/v2\/comments?post=3737"}],"wp:featuredmedia":[{"embeddable":true,"href":"http:\/\/www.locacaodemaquinas.com.br\/site\/wp-json\/wp\/v2\/media\/3739"}],"wp:attachment":[{"href":"http:\/\/www.locacaodemaquinas.com.br\/site\/wp-json\/wp\/v2\/media?parent=3737"}],"wp:term":[{"taxonomy":"product_cat","embeddable":true,"href":"http:\/\/www.locacaodemaquinas.com.br\/site\/wp-json\/wp\/v2\/product_cat?post=3737"},{"taxonomy":"product_tag","embeddable":true,"href":"http:\/\/www.locacaodemaquinas.com.br\/site\/wp-json\/wp\/v2\/product_tag?post=3737"}],"curies":[{"name":"wp","href":"https:\/\/api.w.org\/{rel}","templated":true}]}}