{"id":3847,"date":"2023-11-25T11:00:11","date_gmt":"2023-11-25T14:00:11","guid":{"rendered":"http:\/\/www.locacaodemaquinas.com.br\/site\/?post_type=product&#038;p=3847"},"modified":"2024-06-14T16:11:36","modified_gmt":"2024-06-14T19:11:36","slug":"cortador-de-blocos-paver-pavtek-cortag","status":"publish","type":"product","link":"http:\/\/www.locacaodemaquinas.com.br\/site\/loja\/venda\/ferramentas-manuais\/cortador-de-blocos-paver-pavtek-cortag\/","title":{"rendered":"Cortador de Blocos\/Paver Pavtek &#8211; Cortag"},"content":{"rendered":"<p><strong>Diferenciais:<\/strong><\/p>\n<ul>\n<li>Sistema de guilhotina que permite um trabalho r\u00e1pido, ergon\u00f4mico e sem sujeira;<\/li>\n<li>Ideal para uso profissional em pavimenta\u00e7\u00e3o de pra\u00e7as, avenidas, p\u00e1tios, parques, etc;<\/li>\n<li>Alavanca com prolongador para reduzir a for\u00e7a aplicada durante o corte;<\/li>\n<li>Parafuso com ajuste de altura para melhor posicionamento do material a ser cortado;<\/li>\n<li>Apoio para melhor estabilidade do equipamento durante a opera\u00e7\u00e3o;<\/li>\n<li>Bandeja autoajust\u00e1vel para melhor movimenta\u00e7\u00e3o de materiais a serem cortados;<\/li>\n<li>Trava para movimenta\u00e7\u00e3o.<\/li>\n<\/ul>\n","protected":false},"excerpt":{"rendered":"<p>O\u00a0<strong>Cortador de Blocos Pavtek<\/strong>\u00a0foi projetado para atender diversas demandas de corte de blocos\/ bloquetes.<\/p>\n<p>Indicado para o corte de todos os tipos de bloco\/ bloquetes, m\u00e1rmore e granito;<br \/>\nCapacidade de corte m\u00e1xima de pe\u00e7as com 10 cm de altura e 31 cm de comprimento.<\/p>\n","protected":false},"featured_media":3849,"comment_status":"open","ping_status":"closed","template":"","meta":[],"product_cat":[45,515],"product_tag":[966,409],"acf":[],"_links":{"self":[{"href":"http:\/\/www.locacaodemaquinas.com.br\/site\/wp-json\/wp\/v2\/product\/3847"}],"collection":[{"href":"http:\/\/www.locacaodemaquinas.com.br\/site\/wp-json\/wp\/v2\/product"}],"about":[{"href":"http:\/\/www.locacaodemaquinas.com.br\/site\/wp-json\/wp\/v2\/types\/product"}],"replies":[{"embeddable":true,"href":"http:\/\/www.locacaodemaquinas.com.br\/site\/wp-json\/wp\/v2\/comments?post=3847"}],"wp:featuredmedia":[{"embeddable":true,"href":"http:\/\/www.locacaodemaquinas.com.br\/site\/wp-json\/wp\/v2\/media\/3849"}],"wp:attachment":[{"href":"http:\/\/www.locacaodemaquinas.com.br\/site\/wp-json\/wp\/v2\/media?parent=3847"}],"wp:term":[{"taxonomy":"product_cat","embeddable":true,"href":"http:\/\/www.locacaodemaquinas.com.br\/site\/wp-json\/wp\/v2\/product_cat?post=3847"},{"taxonomy":"product_tag","embeddable":true,"href":"http:\/\/www.locacaodemaquinas.com.br\/site\/wp-json\/wp\/v2\/product_tag?post=3847"}],"curies":[{"name":"wp","href":"https:\/\/api.w.org\/{rel}","templated":true}]}}