{"id":3867,"date":"2024-01-26T15:44:25","date_gmt":"2024-01-26T18:44:25","guid":{"rendered":"http:\/\/www.locacaodemaquinas.com.br\/site\/?post_type=product&#038;p=3867"},"modified":"2024-02-16T17:26:17","modified_gmt":"2024-02-16T20:26:17","slug":"rocadeira-lateral-a-gasolina-fs-161-stihl","status":"publish","type":"product","link":"http:\/\/www.locacaodemaquinas.com.br\/site\/loja\/principais-marcas\/marca-stihl\/rocadeira-lateral-a-gasolina-fs-161-stihl\/","title":{"rendered":"Ro\u00e7adeira Lateral \u00e0 Gasolina FS 161 &#8211; STIHL"},"content":{"rendered":"<p>O potente\u00a0<strong>motor STIHL 2-MIX<\/strong>\u00a0oferece uma boa rela\u00e7\u00e3o entre desempenho de corte e o consumo de combust\u00edvel. O arranque da ro\u00e7adora a gasolina STIHL FS 161 \u00e9 facilitado pela\u00a0<strong>v\u00e1lvula de descompress\u00e3o<\/strong>, que reduz a for\u00e7a de tra\u00e7\u00e3o necess\u00e1ria no cabo de arranque.<\/p>\n<p>A nova\u00a0<strong>empunhadura multifuncional,<\/strong>\u00a0<strong>com o mesmo tubo e cabo bike do modelo antecessor proporciona<\/strong>um movimento natural de corte, o que \u00e9 particularmente valioso quando se trabalha em \u00e1reas maiores.<\/p>\n","protected":false},"excerpt":{"rendered":"<div class=\"tabs\">\n<div class=\"wrapper_content\">\n<div class=\"tabbody tabbody_large container_tab_1\">\n<div class=\"product-detail-intro\">\n<div class=\"text-wrapper\">\n<p>A versatilidade e robustez da ro\u00e7adeira STIHL FS 161 apoia nos\u00a0<strong>trabalhos de horticultura, paisagismo e agricultura<\/strong>. Ela conta com\u00a0<strong>eixo estendido<\/strong>\u00a0para o m\u00e1ximo conforto durante o trabalho. Perfeita para\u00a0<strong>cortar ou remover arbustos e ervas daninhas<\/strong>\u00a0de forma r\u00e1pida e eficiente.<\/p>\n<\/div>\n<\/div>\n<\/div>\n<\/div>\n<\/div>\n","protected":false},"featured_media":3868,"comment_status":"open","ping_status":"closed","template":"","meta":[],"product_cat":[343,518,522],"product_tag":[968,266,365,364],"acf":[],"_links":{"self":[{"href":"http:\/\/www.locacaodemaquinas.com.br\/site\/wp-json\/wp\/v2\/product\/3867"}],"collection":[{"href":"http:\/\/www.locacaodemaquinas.com.br\/site\/wp-json\/wp\/v2\/product"}],"about":[{"href":"http:\/\/www.locacaodemaquinas.com.br\/site\/wp-json\/wp\/v2\/types\/product"}],"replies":[{"embeddable":true,"href":"http:\/\/www.locacaodemaquinas.com.br\/site\/wp-json\/wp\/v2\/comments?post=3867"}],"wp:featuredmedia":[{"embeddable":true,"href":"http:\/\/www.locacaodemaquinas.com.br\/site\/wp-json\/wp\/v2\/media\/3868"}],"wp:attachment":[{"href":"http:\/\/www.locacaodemaquinas.com.br\/site\/wp-json\/wp\/v2\/media?parent=3867"}],"wp:term":[{"taxonomy":"product_cat","embeddable":true,"href":"http:\/\/www.locacaodemaquinas.com.br\/site\/wp-json\/wp\/v2\/product_cat?post=3867"},{"taxonomy":"product_tag","embeddable":true,"href":"http:\/\/www.locacaodemaquinas.com.br\/site\/wp-json\/wp\/v2\/product_tag?post=3867"}],"curies":[{"name":"wp","href":"https:\/\/api.w.org\/{rel}","templated":true}]}}