{"id":3882,"date":"2024-01-30T16:10:59","date_gmt":"2024-01-30T19:10:59","guid":{"rendered":"http:\/\/www.locacaodemaquinas.com.br\/site\/?post_type=product&#038;p=3882"},"modified":"2025-10-06T16:05:56","modified_gmt":"2025-10-06T19:05:56","slug":"rocadeira-lateral-a-gasolina-fs-221-stihl","status":"publish","type":"product","link":"http:\/\/www.locacaodemaquinas.com.br\/site\/loja\/principais-marcas\/marca-stihl\/rocadeira-lateral-a-gasolina-fs-221-stihl\/","title":{"rendered":"Ro\u00e7adeira Lateral \u00e0 Gasolina FS 221 &#8211; STIHL"},"content":{"rendered":"<p>A nova linha de ro\u00e7adeiras \u00e9 recomendada para jardinagem profissional e conta com atributos t\u00e9cnicos que garantem\u00a0<strong>produtividade e efici\u00eancia<\/strong>. S\u00e3o ideais para manuten\u00e7\u00e3o de \u00e1reas verdes, canteiros de rodovias, limpeza de mato pesado ou entrela\u00e7ado, desbrota e ro\u00e7ada em locais de dif\u00edcil acesso, al\u00e9m de terrenos inclinados de acordo com o modelo do equipamento.<\/p>\n<p>Os novos modelos tamb\u00e9m possuem motoriza\u00e7\u00e3o 2-MIX, que oferece\u00a0<strong>economia de combust\u00edvel e menor emiss\u00e3o de gases<\/strong>, e utilizam os mesmos conjuntos de corte que os modelos antecessores.\u00a0<strong>Confort\u00e1veis e ergon\u00f4micas<\/strong>, contam com cabos ajust\u00e1veis que se adequam com o operador e alguns modelos apresentam o\u00a0<strong>sistema de amortecimento 2 pontos<\/strong>, que reduzem a vibra\u00e7\u00e3o passada para o operador.<\/p>\n","protected":false},"excerpt":{"rendered":"<div class=\"tabs\">\n<div class=\"wrapper_content\">\n<div class=\"tabbody tabbody_large container_tab_1\">\n<div class=\"product-detail-intro\">\n<div class=\"text-wrapper\">\n<p>Os novos modelos da Ro\u00e7adeira Profissional STIHL FS 221\u00a0\u00a0<strong>s\u00e3o uma evolu\u00e7\u00e3o das m\u00e1quinas<\/strong>\u00a0j\u00e1 conhecidas pelos nossos clientes e chegam para trazer ainda mais tecnologia para as atividades.<\/p>\n<\/div>\n<p>*Pre\u00e7o promocional da Campanha de Jardinagem v\u00e1lido at\u00e9 19\/12 ou enquanto durar o estoque.<\/p>\n<\/div>\n<\/div>\n<\/div>\n<\/div>\n","protected":false},"featured_media":3875,"comment_status":"open","ping_status":"closed","template":"","meta":[],"product_cat":[343,518,522],"product_tag":[968,266,365,364],"acf":[],"_links":{"self":[{"href":"http:\/\/www.locacaodemaquinas.com.br\/site\/wp-json\/wp\/v2\/product\/3882"}],"collection":[{"href":"http:\/\/www.locacaodemaquinas.com.br\/site\/wp-json\/wp\/v2\/product"}],"about":[{"href":"http:\/\/www.locacaodemaquinas.com.br\/site\/wp-json\/wp\/v2\/types\/product"}],"replies":[{"embeddable":true,"href":"http:\/\/www.locacaodemaquinas.com.br\/site\/wp-json\/wp\/v2\/comments?post=3882"}],"wp:featuredmedia":[{"embeddable":true,"href":"http:\/\/www.locacaodemaquinas.com.br\/site\/wp-json\/wp\/v2\/media\/3875"}],"wp:attachment":[{"href":"http:\/\/www.locacaodemaquinas.com.br\/site\/wp-json\/wp\/v2\/media?parent=3882"}],"wp:term":[{"taxonomy":"product_cat","embeddable":true,"href":"http:\/\/www.locacaodemaquinas.com.br\/site\/wp-json\/wp\/v2\/product_cat?post=3882"},{"taxonomy":"product_tag","embeddable":true,"href":"http:\/\/www.locacaodemaquinas.com.br\/site\/wp-json\/wp\/v2\/product_tag?post=3882"}],"curies":[{"name":"wp","href":"https:\/\/api.w.org\/{rel}","templated":true}]}}