{"id":3918,"date":"2024-02-01T11:03:26","date_gmt":"2024-02-01T14:03:26","guid":{"rendered":"http:\/\/www.locacaodemaquinas.com.br\/site\/?post_type=product&#038;p=3918"},"modified":"2024-02-02T11:04:34","modified_gmt":"2024-02-02T14:04:34","slug":"lavadora-de-alta-pressao-re-100-stihl","status":"publish","type":"product","link":"http:\/\/www.locacaodemaquinas.com.br\/site\/loja\/principais-marcas\/marca-stihl\/lavadora-de-alta-pressao-re-100-stihl\/","title":{"rendered":"Lavadora de Alta Press\u00e3o RE 100 &#8211; STIHL"},"content":{"rendered":"","protected":false},"excerpt":{"rendered":"<p>Ideal para uso em \u00e1reas externas, carros, muros e m\u00f3veis do jardim. Com design robusto e ergon\u00f4mico, possui alta resist\u00eancia, al\u00e9m de espa\u00e7o para armazenamento de todos os seus itens. O modelo RE 100 conta com 3 bicos: leque, turbo e aplicador de detergente.<\/p>\n","protected":false},"featured_media":3925,"comment_status":"open","ping_status":"closed","template":"","meta":[],"product_cat":[343,519,522],"product_tag":[363,313,364],"acf":[],"_links":{"self":[{"href":"http:\/\/www.locacaodemaquinas.com.br\/site\/wp-json\/wp\/v2\/product\/3918"}],"collection":[{"href":"http:\/\/www.locacaodemaquinas.com.br\/site\/wp-json\/wp\/v2\/product"}],"about":[{"href":"http:\/\/www.locacaodemaquinas.com.br\/site\/wp-json\/wp\/v2\/types\/product"}],"replies":[{"embeddable":true,"href":"http:\/\/www.locacaodemaquinas.com.br\/site\/wp-json\/wp\/v2\/comments?post=3918"}],"wp:featuredmedia":[{"embeddable":true,"href":"http:\/\/www.locacaodemaquinas.com.br\/site\/wp-json\/wp\/v2\/media\/3925"}],"wp:attachment":[{"href":"http:\/\/www.locacaodemaquinas.com.br\/site\/wp-json\/wp\/v2\/media?parent=3918"}],"wp:term":[{"taxonomy":"product_cat","embeddable":true,"href":"http:\/\/www.locacaodemaquinas.com.br\/site\/wp-json\/wp\/v2\/product_cat?post=3918"},{"taxonomy":"product_tag","embeddable":true,"href":"http:\/\/www.locacaodemaquinas.com.br\/site\/wp-json\/wp\/v2\/product_tag?post=3918"}],"curies":[{"name":"wp","href":"https:\/\/api.w.org\/{rel}","templated":true}]}}