{"id":3927,"date":"2024-02-01T13:10:33","date_gmt":"2024-02-01T16:10:33","guid":{"rendered":"http:\/\/www.locacaodemaquinas.com.br\/site\/?post_type=product&#038;p=3927"},"modified":"2024-02-01T15:45:16","modified_gmt":"2024-02-01T18:45:16","slug":"lavadora-de-alta-pressao-re-90-0-stihl","status":"publish","type":"product","link":"http:\/\/www.locacaodemaquinas.com.br\/site\/loja\/principais-marcas\/marca-stihl\/lavadora-de-alta-pressao-re-90-0-stihl\/","title":{"rendered":"Lavadora de Alta Press\u00e3o RE 90.0 &#8211; STIHL"},"content":{"rendered":"<p>A RE 90.0 disp\u00f5e de locais para f\u00e1cil armazenamento de todos os itens, como mangueira, cabo el\u00e9trico e acess\u00f3rios. Al\u00e9m disso, a al\u00e7a e as rodas integradas tornam o transporte do equipamento pr\u00e1tico e f\u00e1cil.<\/p>\n","protected":false},"excerpt":{"rendered":"<p>A nova lavadora de alta press\u00e3o STIHL RE 90.0 \u00e9 uma ferramenta pr\u00e1tica e poderosa para a limpeza da casa e o jardim. Com cabe\u00e7ote da bomba em alum\u00ednio, ela oferece press\u00e3o m\u00e1xima de at\u00e9 130 bar (dependendo da voltagem). Al\u00e9m disso, os engates r\u00e1pidos na pistola de alta press\u00e3o e na pr\u00f3pria m\u00e1quina permitem uma opera\u00e7\u00e3o f\u00e1cil e \u00e1gil.<\/p>\n","protected":false},"featured_media":3928,"comment_status":"open","ping_status":"closed","template":"","meta":[],"product_cat":[343,519,522],"product_tag":[363,313,364],"acf":[],"_links":{"self":[{"href":"http:\/\/www.locacaodemaquinas.com.br\/site\/wp-json\/wp\/v2\/product\/3927"}],"collection":[{"href":"http:\/\/www.locacaodemaquinas.com.br\/site\/wp-json\/wp\/v2\/product"}],"about":[{"href":"http:\/\/www.locacaodemaquinas.com.br\/site\/wp-json\/wp\/v2\/types\/product"}],"replies":[{"embeddable":true,"href":"http:\/\/www.locacaodemaquinas.com.br\/site\/wp-json\/wp\/v2\/comments?post=3927"}],"wp:featuredmedia":[{"embeddable":true,"href":"http:\/\/www.locacaodemaquinas.com.br\/site\/wp-json\/wp\/v2\/media\/3928"}],"wp:attachment":[{"href":"http:\/\/www.locacaodemaquinas.com.br\/site\/wp-json\/wp\/v2\/media?parent=3927"}],"wp:term":[{"taxonomy":"product_cat","embeddable":true,"href":"http:\/\/www.locacaodemaquinas.com.br\/site\/wp-json\/wp\/v2\/product_cat?post=3927"},{"taxonomy":"product_tag","embeddable":true,"href":"http:\/\/www.locacaodemaquinas.com.br\/site\/wp-json\/wp\/v2\/product_tag?post=3927"}],"curies":[{"name":"wp","href":"https:\/\/api.w.org\/{rel}","templated":true}]}}