{"id":3930,"date":"2024-02-01T15:50:56","date_gmt":"2024-02-01T18:50:56","guid":{"rendered":"http:\/\/www.locacaodemaquinas.com.br\/site\/?post_type=product&#038;p=3930"},"modified":"2024-02-02T13:11:15","modified_gmt":"2024-02-02T16:11:15","slug":"lavadora-de-alta-pressao-re-90-plus-stihl","status":"publish","type":"product","link":"http:\/\/www.locacaodemaquinas.com.br\/site\/loja\/principais-marcas\/marca-stihl\/lavadora-de-alta-pressao-re-90-plus-stihl\/","title":{"rendered":"Lavadora de Alta Press\u00e3o RE 90 Plus &#8211; STIHL"},"content":{"rendered":"<p>De alto desempenho, a RE 90 PLUS possui cabe\u00e7ote da bomba em alum\u00ednio e press\u00e3o m\u00e1xima de at\u00e9 130 bar (dependendo da voltagem). Al\u00e9m disso, o engate r\u00e1pido da mangueira de 6 metros na pistola de alta press\u00e3o permite uma opera\u00e7\u00e3o f\u00e1cil e \u00e1gil.<\/p>\n<p>Acompanhada de tr\u00eas bicos, \u00e9 poss\u00edvel adaptar o jato de \u00e1gua \u00e0 tarefa de limpeza. O bico leque pode ser utilizado para limpeza eficaz de v\u00e1rias superf\u00edcies, enquanto o bico turbo cria um potente jato de \u00e1gua para retirar sujeiras mais pesadas. E ainda tem o bico aplicador de detergente com reservat\u00f3rio de 500 ml, para otimizar ainda mais a limpeza.<\/p>\n<p>&nbsp;<\/p>\n<p>&nbsp;<\/p>\n","protected":false},"excerpt":{"rendered":"<p>A\u00a0<strong>nova lavadora de alta press\u00e3o STIHL RE 90 PLUS<\/strong>\u00a0\u00e9 uma ferramenta leve e poderosa para a limpeza da casa e o jardim. Com carretel integrado para armazenamento da mangueira, a lavadora permite um uso pr\u00e1tico tanto na limpeza quanto na hora de guardar o equipamento \u2013 que tamb\u00e9m disp\u00f5e de locais para f\u00e1cil armazenamento de outros itens, como o cabo el\u00e9trico, bicos e acess\u00f3rios. Al\u00e9m disso, a al\u00e7a e as rodas tornam o transporte do equipamento pr\u00e1tico e f\u00e1cil.<\/p>\n","protected":false},"featured_media":3929,"comment_status":"open","ping_status":"closed","template":"","meta":[],"product_cat":[343,519,522],"product_tag":[363,313,364],"acf":[],"_links":{"self":[{"href":"http:\/\/www.locacaodemaquinas.com.br\/site\/wp-json\/wp\/v2\/product\/3930"}],"collection":[{"href":"http:\/\/www.locacaodemaquinas.com.br\/site\/wp-json\/wp\/v2\/product"}],"about":[{"href":"http:\/\/www.locacaodemaquinas.com.br\/site\/wp-json\/wp\/v2\/types\/product"}],"replies":[{"embeddable":true,"href":"http:\/\/www.locacaodemaquinas.com.br\/site\/wp-json\/wp\/v2\/comments?post=3930"}],"wp:featuredmedia":[{"embeddable":true,"href":"http:\/\/www.locacaodemaquinas.com.br\/site\/wp-json\/wp\/v2\/media\/3929"}],"wp:attachment":[{"href":"http:\/\/www.locacaodemaquinas.com.br\/site\/wp-json\/wp\/v2\/media?parent=3930"}],"wp:term":[{"taxonomy":"product_cat","embeddable":true,"href":"http:\/\/www.locacaodemaquinas.com.br\/site\/wp-json\/wp\/v2\/product_cat?post=3930"},{"taxonomy":"product_tag","embeddable":true,"href":"http:\/\/www.locacaodemaquinas.com.br\/site\/wp-json\/wp\/v2\/product_tag?post=3930"}],"curies":[{"name":"wp","href":"https:\/\/api.w.org\/{rel}","templated":true}]}}