{"id":3990,"date":"2024-02-17T11:52:32","date_gmt":"2024-02-17T14:52:32","guid":{"rendered":"http:\/\/www.locacaodemaquinas.com.br\/site\/?post_type=product&#038;p=3990"},"modified":"2025-04-23T10:29:48","modified_gmt":"2025-04-23T13:29:48","slug":"rocadeira-lateral-a-gasolina-fs-55","status":"publish","type":"product","link":"http:\/\/www.locacaodemaquinas.com.br\/site\/loja\/principais-marcas\/marca-stihl\/rocadeira-lateral-a-gasolina-fs-55\/","title":{"rendered":"Ro\u00e7adeira Lateral \u00e0 Gasolina FS 55 &#8211; STIHL"},"content":{"rendered":"<h1>Atributos<\/h1>\n<ul>\n<li>Pega Multifun\u00e7\u00f5es para uma m\u00e3o s\u00f3<\/li>\n<li>Cabo multifuncional<\/li>\n<li>Bomba de combust\u00edvel manual<\/li>\n<\/ul>\n","protected":false},"excerpt":{"rendered":"<p>A\u00a0<strong>ro\u00e7adeira STIHL FS 55<\/strong>\u00a0\u00e9 a solu\u00e7\u00e3o ideal para seu jardim. \u00c9 uma m\u00e1quina leve, que corta vegeta\u00e7\u00f5es rasteiras, em locais de dif\u00edcil acesso, de forma r\u00e1pida, segura e muito pr\u00e1tica. \u00c9 uma ro\u00e7adeira muito vers\u00e1til, de perfeito equil\u00edbrio entre peso e pot\u00eancia, que possibilita o uso tanto de conjuntos de corte com fio quanto com l\u00e2mina.<\/p>\n<p>&nbsp;<\/p>\n<p>&nbsp;<\/p>\n","protected":false},"featured_media":3992,"comment_status":"open","ping_status":"closed","template":"","meta":[],"product_cat":[343,518,522],"product_tag":[968,266,365,364],"acf":[],"_links":{"self":[{"href":"http:\/\/www.locacaodemaquinas.com.br\/site\/wp-json\/wp\/v2\/product\/3990"}],"collection":[{"href":"http:\/\/www.locacaodemaquinas.com.br\/site\/wp-json\/wp\/v2\/product"}],"about":[{"href":"http:\/\/www.locacaodemaquinas.com.br\/site\/wp-json\/wp\/v2\/types\/product"}],"replies":[{"embeddable":true,"href":"http:\/\/www.locacaodemaquinas.com.br\/site\/wp-json\/wp\/v2\/comments?post=3990"}],"wp:featuredmedia":[{"embeddable":true,"href":"http:\/\/www.locacaodemaquinas.com.br\/site\/wp-json\/wp\/v2\/media\/3992"}],"wp:attachment":[{"href":"http:\/\/www.locacaodemaquinas.com.br\/site\/wp-json\/wp\/v2\/media?parent=3990"}],"wp:term":[{"taxonomy":"product_cat","embeddable":true,"href":"http:\/\/www.locacaodemaquinas.com.br\/site\/wp-json\/wp\/v2\/product_cat?post=3990"},{"taxonomy":"product_tag","embeddable":true,"href":"http:\/\/www.locacaodemaquinas.com.br\/site\/wp-json\/wp\/v2\/product_tag?post=3990"}],"curies":[{"name":"wp","href":"https:\/\/api.w.org\/{rel}","templated":true}]}}