{"id":3993,"date":"2024-02-17T12:03:12","date_gmt":"2024-02-17T15:03:12","guid":{"rendered":"http:\/\/www.locacaodemaquinas.com.br\/site\/?post_type=product&#038;p=3993"},"modified":"2024-02-19T13:18:13","modified_gmt":"2024-02-19T16:18:13","slug":"rocadeira-lateral-a-gasolina-fs-55-r","status":"publish","type":"product","link":"http:\/\/www.locacaodemaquinas.com.br\/site\/loja\/principais-marcas\/marca-stihl\/rocadeira-lateral-a-gasolina-fs-55-r\/","title":{"rendered":"Ro\u00e7adeira Lateral \u00e0 Gasolina FS 55 R"},"content":{"rendered":"<h1>Atributo<\/h1>\n<ul>\n<li>Bomba de combust\u00edvel manual<\/li>\n<\/ul>\n","protected":false},"excerpt":{"rendered":"<p>A<strong>\u00a0ro\u00e7adeira STIHL FS 55 R\u00a0<\/strong>\u00e9 indicada para corte de grama em locais de dif\u00edcil acesso, proporcionando mobilidade para acabamentos pr\u00f3ximos a obst\u00e1culos, debaixo de \u00e1rvores, em torno de canteiros e flores. Agilidade, controle, seguran\u00e7a e facilidade de uso para um trabalho perfeito.<\/p>\n","protected":false},"featured_media":3991,"comment_status":"open","ping_status":"closed","template":"","meta":[],"product_cat":[343,518,522],"product_tag":[968,266,365,364],"acf":[],"_links":{"self":[{"href":"http:\/\/www.locacaodemaquinas.com.br\/site\/wp-json\/wp\/v2\/product\/3993"}],"collection":[{"href":"http:\/\/www.locacaodemaquinas.com.br\/site\/wp-json\/wp\/v2\/product"}],"about":[{"href":"http:\/\/www.locacaodemaquinas.com.br\/site\/wp-json\/wp\/v2\/types\/product"}],"replies":[{"embeddable":true,"href":"http:\/\/www.locacaodemaquinas.com.br\/site\/wp-json\/wp\/v2\/comments?post=3993"}],"wp:featuredmedia":[{"embeddable":true,"href":"http:\/\/www.locacaodemaquinas.com.br\/site\/wp-json\/wp\/v2\/media\/3991"}],"wp:attachment":[{"href":"http:\/\/www.locacaodemaquinas.com.br\/site\/wp-json\/wp\/v2\/media?parent=3993"}],"wp:term":[{"taxonomy":"product_cat","embeddable":true,"href":"http:\/\/www.locacaodemaquinas.com.br\/site\/wp-json\/wp\/v2\/product_cat?post=3993"},{"taxonomy":"product_tag","embeddable":true,"href":"http:\/\/www.locacaodemaquinas.com.br\/site\/wp-json\/wp\/v2\/product_tag?post=3993"}],"curies":[{"name":"wp","href":"https:\/\/api.w.org\/{rel}","templated":true}]}}