{"id":4043,"date":"2024-04-18T16:40:56","date_gmt":"2024-04-18T19:40:56","guid":{"rendered":"http:\/\/www.locacaodemaquinas.com.br\/site\/?post_type=product&#038;p=4043"},"modified":"2024-04-22T17:30:09","modified_gmt":"2024-04-22T20:30:09","slug":"motosserra-gasolina-ms-310","status":"publish","type":"product","link":"http:\/\/www.locacaodemaquinas.com.br\/site\/loja\/principais-marcas\/marca-stihl\/motosserra-gasolina-ms-310\/","title":{"rendered":"Motosserra \u00e0 Gasolina MS 310 &#8211; STIHL"},"content":{"rendered":"<p>Obs: Sob os termos da marca STIHL, n\u00e3o estamos autorizados a vend\u00ea-los pela internet, mas voc\u00ea pode visitar as nossas lojas f\u00edsicas. O intuito \u00e9 apenas informativo.<\/p>\n","protected":false},"excerpt":{"rendered":"<div class=\"tabs\">\n<p>A <strong>motosserra MS 310<\/strong> \u00e9 a motosserra ideal para quem quer pot\u00eancia, conforto e facilidade no manuseio. Leve e equipada com sistema antivibrat\u00f3rio, este modelo de motosserra proporciona mais conforto ao usu\u00e1rio. \u00c9 a preferida dos fazendeiros e donos de s\u00edtios.<\/p>\n<\/div>\n<p>&nbsp;<\/p>\n","protected":false},"featured_media":4058,"comment_status":"open","ping_status":"closed","template":"","meta":[],"product_cat":[342,343],"product_tag":[368,364],"acf":[],"_links":{"self":[{"href":"http:\/\/www.locacaodemaquinas.com.br\/site\/wp-json\/wp\/v2\/product\/4043"}],"collection":[{"href":"http:\/\/www.locacaodemaquinas.com.br\/site\/wp-json\/wp\/v2\/product"}],"about":[{"href":"http:\/\/www.locacaodemaquinas.com.br\/site\/wp-json\/wp\/v2\/types\/product"}],"replies":[{"embeddable":true,"href":"http:\/\/www.locacaodemaquinas.com.br\/site\/wp-json\/wp\/v2\/comments?post=4043"}],"wp:featuredmedia":[{"embeddable":true,"href":"http:\/\/www.locacaodemaquinas.com.br\/site\/wp-json\/wp\/v2\/media\/4058"}],"wp:attachment":[{"href":"http:\/\/www.locacaodemaquinas.com.br\/site\/wp-json\/wp\/v2\/media?parent=4043"}],"wp:term":[{"taxonomy":"product_cat","embeddable":true,"href":"http:\/\/www.locacaodemaquinas.com.br\/site\/wp-json\/wp\/v2\/product_cat?post=4043"},{"taxonomy":"product_tag","embeddable":true,"href":"http:\/\/www.locacaodemaquinas.com.br\/site\/wp-json\/wp\/v2\/product_tag?post=4043"}],"curies":[{"name":"wp","href":"https:\/\/api.w.org\/{rel}","templated":true}]}}